{"id":382,"date":"2021-11-19T08:11:42","date_gmt":"2021-11-19T07:11:42","guid":{"rendered":"https:\/\/www.astrofotografie-wiget.ch\/?page_id=382"},"modified":"2023-04-19T12:57:56","modified_gmt":"2023-04-19T11:57:56","slug":"m-57-ringnebel","status":"publish","type":"page","link":"https:\/\/www.astrofotografie-wiget.ch\/index.php\/fotogallerie\/messier-katalog\/m-57-ringnebel\/","title":{"rendered":"M 57 &#8211; Ringnebel"},"content":{"rendered":"<p>Beim Ringnebel (M 57, NGC 6720) handelt es sich um einen planetarischen Nebel im Sternbild Leier. Es sind die \u00dcberreste eines Sterns, der seine \u00e4ussere Gash\u00fclle vor etwa 20&#8217;000 Jahren abgestossen hat. Sie dehnt sich mit etwa 19 km\/s aus und hat einen Durchmesser von ca. 1.3 Lichtjahren. Der Nebel ist ungef\u00e4hr 2&#8217;300 Lichtjahre von uns entfernt.<\/p>\n<p>In seinem Zentrum befindet sich ein weisser Zwerg mit einer Helligkeit von 15.8 mag. Die Oberfl\u00e4chentemperatur dieses weissen Zwergs betr\u00e4gt etwa 70&#8217;000 Kelvin.<\/p>\n<p>Der Ringnebel wurde Mitte Februar 1779 von Antoine Darquier entdeckt, als er den Kometen Bode (C\/1779 A1) beobachtete.<\/p>\n<p>Er kann bereits mit kleinen Telskopen ab 10 cm \u00d6ffnung wahrgenommen werden, wenn auch nur sehr klein. Bei Teleskopen ab 20 cm \u00d6ffnung werden dann auch Strukturen im Ring sichtbar. Um den Zentralstern zu beobachten wird ein Teleskop mit mindestens 25 cm \u00d6ffnung ben\u00f6tigt.<\/p>\nngg_shortcode_0_placeholder\n<p><a href=\"https:\/\/www.astrofotografie-wiget.ch\/\">Home<\/a>&nbsp; &nbsp;<a href=\"https:\/\/www.astrofotografie-wiget.ch\/index.php\/fotogallerie\/\">Fotogallerie<\/a>&nbsp; &nbsp;<a href=\"https:\/\/www.astrofotografie-wiget.ch\/index.php\/fotogallerie\/messier-katalog\/\">Messier-Katalog<\/a><\/p>\n","protected":false},"excerpt":{"rendered":"<p>Beim Ringnebel (M 57, NGC 6720) handelt es sich um einen planetarischen Nebel im Sternbild Leier. Es sind die \u00dcberreste eines Sterns, der seine \u00e4ussere Gash\u00fclle vor etwa 20&#8217;000 Jahren abgestossen hat. Sie dehnt sich mit etwa 19 km\/s aus und hat einen Durchmesser von ca. 1.3 Lichtjahren. Der Nebel ist ungef\u00e4hr 2&#8217;300 Lichtjahre von&hellip; <a class=\"more-link\" href=\"https:\/\/www.astrofotografie-wiget.ch\/index.php\/fotogallerie\/messier-katalog\/m-57-ringnebel\/\"><span class=\"screen-reader-text\">M 57 &#8211; Ringnebel<\/span> weiterlesen<\/a><\/p>\n","protected":false},"author":1,"featured_media":0,"parent":318,"menu_order":0,"comment_status":"closed","ping_status":"closed","template":"","meta":{"ngg_post_thumbnail":0,"footnotes":""},"class_list":["post-382","page","type-page","status-publish","hentry","entry"],"yoast_head":"<!-- This site is optimized with the Yoast SEO plugin v24.7 - https:\/\/yoast.com\/wordpress\/plugins\/seo\/ -->\r\n<title>M 57 - Ringnebel - Astronomie &amp; Astrofotografie<\/title>\r\n<meta name=\"robots\" content=\"index, follow, max-snippet:-1, max-image-preview:large, max-video-preview:-1\" \/>\r\n<link rel=\"canonical\" href=\"https:\/\/www.astrofotografie-wiget.ch\/index.php\/fotogallerie\/messier-katalog\/m-57-ringnebel\/\" \/>\r\n<meta property=\"og:locale\" content=\"de_DE\" \/>\r\n<meta property=\"og:type\" content=\"article\" \/>\r\n<meta property=\"og:title\" content=\"M 57 - Ringnebel - Astronomie &amp; Astrofotografie\" \/>\r\n<meta property=\"og:description\" content=\"Beim Ringnebel (M 57, NGC 6720) handelt es sich um einen planetarischen Nebel im Sternbild Leier. Es sind die \u00dcberreste eines Sterns, der seine \u00e4ussere Gash\u00fclle vor etwa 20&#8217;000 Jahren abgestossen hat. Sie dehnt sich mit etwa 19 km\/s aus und hat einen Durchmesser von ca. 1.3 Lichtjahren. Der Nebel ist ungef\u00e4hr 2&#8217;300 Lichtjahre von&hellip; M 57 &#8211; Ringnebel weiterlesen\" \/>\r\n<meta property=\"og:url\" content=\"https:\/\/www.astrofotografie-wiget.ch\/index.php\/fotogallerie\/messier-katalog\/m-57-ringnebel\/\" \/>\r\n<meta property=\"og:site_name\" content=\"Astronomie &amp; Astrofotografie\" \/>\r\n<meta property=\"article:publisher\" content=\"https:\/\/www.facebook.com\/andrewiget\" \/>\r\n<meta property=\"article:modified_time\" content=\"2023-04-19T11:57:56+00:00\" \/>\r\n<meta name=\"twitter:card\" content=\"summary_large_image\" \/>\r\n<meta name=\"twitter:label1\" content=\"Gesch\u00e4tzte Lesezeit\" \/>\n\t<meta name=\"twitter:data1\" content=\"1\u00a0Minute\" \/>\r\n<script type=\"application\/ld+json\" class=\"yoast-schema-graph\">{\"@context\":\"https:\/\/schema.org\",\"@graph\":[{\"@type\":\"WebPage\",\"@id\":\"https:\/\/www.astrofotografie-wiget.ch\/index.php\/fotogallerie\/messier-katalog\/m-57-ringnebel\/\",\"url\":\"https:\/\/www.astrofotografie-wiget.ch\/index.php\/fotogallerie\/messier-katalog\/m-57-ringnebel\/\",\"name\":\"M 57 - Ringnebel - Astronomie &amp; Astrofotografie\",\"isPartOf\":{\"@id\":\"\/#website\"},\"datePublished\":\"2021-11-19T07:11:42+00:00\",\"dateModified\":\"2023-04-19T11:57:56+00:00\",\"breadcrumb\":{\"@id\":\"https:\/\/www.astrofotografie-wiget.ch\/index.php\/fotogallerie\/messier-katalog\/m-57-ringnebel\/#breadcrumb\"},\"inLanguage\":\"de\",\"potentialAction\":[{\"@type\":\"ReadAction\",\"target\":[\"https:\/\/www.astrofotografie-wiget.ch\/index.php\/fotogallerie\/messier-katalog\/m-57-ringnebel\/\"]}]},{\"@type\":\"BreadcrumbList\",\"@id\":\"https:\/\/www.astrofotografie-wiget.ch\/index.php\/fotogallerie\/messier-katalog\/m-57-ringnebel\/#breadcrumb\",\"itemListElement\":[{\"@type\":\"ListItem\",\"position\":1,\"name\":\"Fotogallerie\",\"item\":\"https:\/\/www.astrofotografie-wiget.ch\/index.php\/fotogallerie\/\"},{\"@type\":\"ListItem\",\"position\":2,\"name\":\"Messier-Katalog\",\"item\":\"https:\/\/www.astrofotografie-wiget.ch\/index.php\/fotogallerie\/messier-katalog\/\"},{\"@type\":\"ListItem\",\"position\":3,\"name\":\"M 57 &#8211; Ringnebel\"}]},{\"@type\":\"WebSite\",\"@id\":\"\/#website\",\"url\":\"\/\",\"name\":\"Astronomie & Astrofotografie\",\"description\":\"Sonne, Mond, Planeten, Deep Sky\",\"publisher\":{\"@id\":\"\/#\/schema\/person\/6a8fe3f5ae57c6370d432efba693924f\"},\"potentialAction\":[{\"@type\":\"SearchAction\",\"target\":{\"@type\":\"EntryPoint\",\"urlTemplate\":\"\/?s={search_term_string}\"},\"query-input\":{\"@type\":\"PropertyValueSpecification\",\"valueRequired\":true,\"valueName\":\"search_term_string\"}}],\"inLanguage\":\"de\"},{\"@type\":[\"Person\",\"Organization\"],\"@id\":\"\/#\/schema\/person\/6a8fe3f5ae57c6370d432efba693924f\",\"name\":\"Andr\u00e9\",\"image\":{\"@type\":\"ImageObject\",\"inLanguage\":\"de\",\"@id\":\"\/#\/schema\/person\/image\/\",\"url\":\"https:\/\/www.astrofotografie-wiget.ch\/wp-content\/uploads\/2022\/01\/2022.01.14-NGC-2244-WBPP-32x300s-small-1024x905.png\",\"contentUrl\":\"https:\/\/www.astrofotografie-wiget.ch\/wp-content\/uploads\/2022\/01\/2022.01.14-NGC-2244-WBPP-32x300s-small-1024x905.png\",\"width\":1024,\"height\":905,\"caption\":\"Andr\u00e9\"},\"logo\":{\"@id\":\"\/#\/schema\/person\/image\/\"},\"sameAs\":[\"https:\/\/www.astrofotografie-wiget.ch\",\"https:\/\/www.facebook.com\/andrewiget\",\"https:\/\/www.instagram.com\/andrewiget\"]}]}<\/script>\r\n<!-- \/ Yoast SEO plugin. -->","yoast_head_json":{"title":"M 57 - Ringnebel - Astronomie &amp; Astrofotografie","robots":{"index":"index","follow":"follow","max-snippet":"max-snippet:-1","max-image-preview":"max-image-preview:large","max-video-preview":"max-video-preview:-1"},"canonical":"https:\/\/www.astrofotografie-wiget.ch\/index.php\/fotogallerie\/messier-katalog\/m-57-ringnebel\/","og_locale":"de_DE","og_type":"article","og_title":"M 57 - Ringnebel - Astronomie &amp; Astrofotografie","og_description":"Beim Ringnebel (M 57, NGC 6720) handelt es sich um einen planetarischen Nebel im Sternbild Leier. Es sind die \u00dcberreste eines Sterns, der seine \u00e4ussere Gash\u00fclle vor etwa 20&#8217;000 Jahren abgestossen hat. Sie dehnt sich mit etwa 19 km\/s aus und hat einen Durchmesser von ca. 1.3 Lichtjahren. Der Nebel ist ungef\u00e4hr 2&#8217;300 Lichtjahre von&hellip; M 57 &#8211; Ringnebel weiterlesen","og_url":"https:\/\/www.astrofotografie-wiget.ch\/index.php\/fotogallerie\/messier-katalog\/m-57-ringnebel\/","og_site_name":"Astronomie &amp; Astrofotografie","article_publisher":"https:\/\/www.facebook.com\/andrewiget","article_modified_time":"2023-04-19T11:57:56+00:00","twitter_card":"summary_large_image","twitter_misc":{"Gesch\u00e4tzte Lesezeit":"1\u00a0Minute"},"schema":{"@context":"https:\/\/schema.org","@graph":[{"@type":"WebPage","@id":"https:\/\/www.astrofotografie-wiget.ch\/index.php\/fotogallerie\/messier-katalog\/m-57-ringnebel\/","url":"https:\/\/www.astrofotografie-wiget.ch\/index.php\/fotogallerie\/messier-katalog\/m-57-ringnebel\/","name":"M 57 - Ringnebel - Astronomie &amp; Astrofotografie","isPartOf":{"@id":"\/#website"},"datePublished":"2021-11-19T07:11:42+00:00","dateModified":"2023-04-19T11:57:56+00:00","breadcrumb":{"@id":"https:\/\/www.astrofotografie-wiget.ch\/index.php\/fotogallerie\/messier-katalog\/m-57-ringnebel\/#breadcrumb"},"inLanguage":"de","potentialAction":[{"@type":"ReadAction","target":["https:\/\/www.astrofotografie-wiget.ch\/index.php\/fotogallerie\/messier-katalog\/m-57-ringnebel\/"]}]},{"@type":"BreadcrumbList","@id":"https:\/\/www.astrofotografie-wiget.ch\/index.php\/fotogallerie\/messier-katalog\/m-57-ringnebel\/#breadcrumb","itemListElement":[{"@type":"ListItem","position":1,"name":"Fotogallerie","item":"https:\/\/www.astrofotografie-wiget.ch\/index.php\/fotogallerie\/"},{"@type":"ListItem","position":2,"name":"Messier-Katalog","item":"https:\/\/www.astrofotografie-wiget.ch\/index.php\/fotogallerie\/messier-katalog\/"},{"@type":"ListItem","position":3,"name":"M 57 &#8211; Ringnebel"}]},{"@type":"WebSite","@id":"\/#website","url":"\/","name":"Astronomie & Astrofotografie","description":"Sonne, Mond, Planeten, Deep Sky","publisher":{"@id":"\/#\/schema\/person\/6a8fe3f5ae57c6370d432efba693924f"},"potentialAction":[{"@type":"SearchAction","target":{"@type":"EntryPoint","urlTemplate":"\/?s={search_term_string}"},"query-input":{"@type":"PropertyValueSpecification","valueRequired":true,"valueName":"search_term_string"}}],"inLanguage":"de"},{"@type":["Person","Organization"],"@id":"\/#\/schema\/person\/6a8fe3f5ae57c6370d432efba693924f","name":"Andr\u00e9","image":{"@type":"ImageObject","inLanguage":"de","@id":"\/#\/schema\/person\/image\/","url":"https:\/\/www.astrofotografie-wiget.ch\/wp-content\/uploads\/2022\/01\/2022.01.14-NGC-2244-WBPP-32x300s-small-1024x905.png","contentUrl":"https:\/\/www.astrofotografie-wiget.ch\/wp-content\/uploads\/2022\/01\/2022.01.14-NGC-2244-WBPP-32x300s-small-1024x905.png","width":1024,"height":905,"caption":"Andr\u00e9"},"logo":{"@id":"\/#\/schema\/person\/image\/"},"sameAs":["https:\/\/www.astrofotografie-wiget.ch","https:\/\/www.facebook.com\/andrewiget","https:\/\/www.instagram.com\/andrewiget"]}]}},"jetpack-related-posts":[],"jetpack_sharing_enabled":true,"_links":{"self":[{"href":"https:\/\/www.astrofotografie-wiget.ch\/index.php\/wp-json\/wp\/v2\/pages\/382","targetHints":{"allow":["GET"]}}],"collection":[{"href":"https:\/\/www.astrofotografie-wiget.ch\/index.php\/wp-json\/wp\/v2\/pages"}],"about":[{"href":"https:\/\/www.astrofotografie-wiget.ch\/index.php\/wp-json\/wp\/v2\/types\/page"}],"author":[{"embeddable":true,"href":"https:\/\/www.astrofotografie-wiget.ch\/index.php\/wp-json\/wp\/v2\/users\/1"}],"replies":[{"embeddable":true,"href":"https:\/\/www.astrofotografie-wiget.ch\/index.php\/wp-json\/wp\/v2\/comments?post=382"}],"version-history":[{"count":8,"href":"https:\/\/www.astrofotografie-wiget.ch\/index.php\/wp-json\/wp\/v2\/pages\/382\/revisions"}],"predecessor-version":[{"id":1010,"href":"https:\/\/www.astrofotografie-wiget.ch\/index.php\/wp-json\/wp\/v2\/pages\/382\/revisions\/1010"}],"up":[{"embeddable":true,"href":"https:\/\/www.astrofotografie-wiget.ch\/index.php\/wp-json\/wp\/v2\/pages\/318"}],"wp:attachment":[{"href":"https:\/\/www.astrofotografie-wiget.ch\/index.php\/wp-json\/wp\/v2\/media?parent=382"}],"curies":[{"name":"wp","href":"https:\/\/api.w.org\/{rel}","templated":true}]}}