{"id":330,"date":"2021-11-18T20:59:16","date_gmt":"2021-11-18T19:59:16","guid":{"rendered":"https:\/\/www.astrofotografie-wiget.ch\/?page_id=330"},"modified":"2023-04-19T11:37:38","modified_gmt":"2023-04-19T10:37:38","slug":"m-42-orionnebel","status":"publish","type":"page","link":"https:\/\/www.astrofotografie-wiget.ch\/index.php\/fotogallerie\/messier-katalog\/m-42-orionnebel\/","title":{"rendered":"M 42 &#8211; Orionnebel"},"content":{"rendered":"<p>Der Orionnebel (M 42 oder NGC 1976) ist ein Emissionsnebel der sich im Sternbild Orion befindet. Durch sein sehr helles Zentrum ist der Nebel schon mit blossem Auge sichtbar. Er sieht stern\u00e4hnlich aus und befindet sich im Schwert des Orions, s\u00fcdlich der drei G\u00fcrtelsterne.<\/p>\n<p>Beim Orionnebel handelt es sich um ein Teilgebiet der interstellaren Melek\u00fclwolke OMC-1, welche \u00fcberwiegend aus Wasserstoff besteht. Im Nebel entstehen Sterne, welche durch ihre ionisierende Strahlung den Nebel im sichtbaren Bereich leuchten l\u00e4sst. Es handelt sich um ein H-II-Gebiet. Er ist etwa 1&#8217;350 Lichjahre von uns entfernt.<\/p>\n<p>Der Orionnebel ist unter guten Bedingungen von Auge sichtbar. Es ist der einzige Emissionsnebel der von Auge sichtbar ist.<\/p>\nngg_shortcode_0_placeholder\n<p>Der Orionnebel war der einzige Nebel den ich bereits in den 80er Jahren fotografiert hatte.<\/p>\n<p>Eigentlich denkt man dass es ein sehr einfach zu fotografierendes Objekt ist, aber das t\u00e4uscht gewaltig. Denn das Zentrum (das sogenannte Trapez) ist extrem hell im Vergleich zu den umliegenden Gebieten. Das macht es recht schwierig Details der umliegenden Gebiete zu sehen, ohne dass das Zentrum nicht total \u00fcberbelichtet ist. Ich denke diese Problematik sieht man bei meinen Fotos sehr gut, vor allem am Anfang.<\/p>\n<p>&nbsp;<\/p>\n<p><a href=\"https:\/\/www.astrofotografie-wiget.ch\/\">Home<\/a>&nbsp; &nbsp;<a href=\"https:\/\/www.astrofotografie-wiget.ch\/index.php\/fotogallerie\/\">Fotogallerie<\/a>&nbsp; &nbsp;<a href=\"https:\/\/www.astrofotografie-wiget.ch\/index.php\/fotogallerie\/messier-katalog\/\">Messier-Katalog<\/a><\/p>\n","protected":false},"excerpt":{"rendered":"<p>Der Orionnebel (M 42 oder NGC 1976) ist ein Emissionsnebel der sich im Sternbild Orion befindet. Durch sein sehr helles Zentrum ist der Nebel schon mit blossem Auge sichtbar. Er sieht stern\u00e4hnlich aus und befindet sich im Schwert des Orions, s\u00fcdlich der drei G\u00fcrtelsterne. Beim Orionnebel handelt es sich um ein Teilgebiet der interstellaren Melek\u00fclwolke&hellip; <a class=\"more-link\" href=\"https:\/\/www.astrofotografie-wiget.ch\/index.php\/fotogallerie\/messier-katalog\/m-42-orionnebel\/\"><span class=\"screen-reader-text\">M 42 &#8211; Orionnebel<\/span> weiterlesen<\/a><\/p>\n","protected":false},"author":1,"featured_media":0,"parent":318,"menu_order":0,"comment_status":"closed","ping_status":"closed","template":"","meta":{"ngg_post_thumbnail":0,"footnotes":""},"class_list":["post-330","page","type-page","status-publish","hentry","entry"],"yoast_head":"<!-- This site is optimized with the Yoast SEO plugin v24.7 - https:\/\/yoast.com\/wordpress\/plugins\/seo\/ -->\r\n<title>M 42 - Orionnebel - Astronomie &amp; Astrofotografie<\/title>\r\n<meta name=\"robots\" content=\"index, follow, max-snippet:-1, max-image-preview:large, max-video-preview:-1\" \/>\r\n<link rel=\"canonical\" href=\"https:\/\/www.astrofotografie-wiget.ch\/index.php\/fotogallerie\/messier-katalog\/m-42-orionnebel\/\" \/>\r\n<meta property=\"og:locale\" content=\"de_DE\" \/>\r\n<meta property=\"og:type\" content=\"article\" \/>\r\n<meta property=\"og:title\" content=\"M 42 - Orionnebel - Astronomie &amp; Astrofotografie\" \/>\r\n<meta property=\"og:description\" content=\"Der Orionnebel (M 42 oder NGC 1976) ist ein Emissionsnebel der sich im Sternbild Orion befindet. Durch sein sehr helles Zentrum ist der Nebel schon mit blossem Auge sichtbar. Er sieht stern\u00e4hnlich aus und befindet sich im Schwert des Orions, s\u00fcdlich der drei G\u00fcrtelsterne. Beim Orionnebel handelt es sich um ein Teilgebiet der interstellaren Melek\u00fclwolke&hellip; M 42 &#8211; Orionnebel weiterlesen\" \/>\r\n<meta property=\"og:url\" content=\"https:\/\/www.astrofotografie-wiget.ch\/index.php\/fotogallerie\/messier-katalog\/m-42-orionnebel\/\" \/>\r\n<meta property=\"og:site_name\" content=\"Astronomie &amp; Astrofotografie\" \/>\r\n<meta property=\"article:publisher\" content=\"https:\/\/www.facebook.com\/andrewiget\" \/>\r\n<meta property=\"article:modified_time\" content=\"2023-04-19T10:37:38+00:00\" \/>\r\n<meta name=\"twitter:card\" content=\"summary_large_image\" \/>\r\n<meta name=\"twitter:label1\" content=\"Gesch\u00e4tzte Lesezeit\" \/>\n\t<meta name=\"twitter:data1\" content=\"2\u00a0Minuten\" \/>\r\n<script type=\"application\/ld+json\" class=\"yoast-schema-graph\">{\"@context\":\"https:\/\/schema.org\",\"@graph\":[{\"@type\":\"WebPage\",\"@id\":\"https:\/\/www.astrofotografie-wiget.ch\/index.php\/fotogallerie\/messier-katalog\/m-42-orionnebel\/\",\"url\":\"https:\/\/www.astrofotografie-wiget.ch\/index.php\/fotogallerie\/messier-katalog\/m-42-orionnebel\/\",\"name\":\"M 42 - Orionnebel - Astronomie &amp; Astrofotografie\",\"isPartOf\":{\"@id\":\"\/#website\"},\"datePublished\":\"2021-11-18T19:59:16+00:00\",\"dateModified\":\"2023-04-19T10:37:38+00:00\",\"breadcrumb\":{\"@id\":\"https:\/\/www.astrofotografie-wiget.ch\/index.php\/fotogallerie\/messier-katalog\/m-42-orionnebel\/#breadcrumb\"},\"inLanguage\":\"de\",\"potentialAction\":[{\"@type\":\"ReadAction\",\"target\":[\"https:\/\/www.astrofotografie-wiget.ch\/index.php\/fotogallerie\/messier-katalog\/m-42-orionnebel\/\"]}]},{\"@type\":\"BreadcrumbList\",\"@id\":\"https:\/\/www.astrofotografie-wiget.ch\/index.php\/fotogallerie\/messier-katalog\/m-42-orionnebel\/#breadcrumb\",\"itemListElement\":[{\"@type\":\"ListItem\",\"position\":1,\"name\":\"Fotogallerie\",\"item\":\"https:\/\/www.astrofotografie-wiget.ch\/index.php\/fotogallerie\/\"},{\"@type\":\"ListItem\",\"position\":2,\"name\":\"Messier-Katalog\",\"item\":\"https:\/\/www.astrofotografie-wiget.ch\/index.php\/fotogallerie\/messier-katalog\/\"},{\"@type\":\"ListItem\",\"position\":3,\"name\":\"M 42 &#8211; Orionnebel\"}]},{\"@type\":\"WebSite\",\"@id\":\"\/#website\",\"url\":\"\/\",\"name\":\"Astronomie & Astrofotografie\",\"description\":\"Sonne, Mond, Planeten, Deep Sky\",\"publisher\":{\"@id\":\"\/#\/schema\/person\/6a8fe3f5ae57c6370d432efba693924f\"},\"potentialAction\":[{\"@type\":\"SearchAction\",\"target\":{\"@type\":\"EntryPoint\",\"urlTemplate\":\"\/?s={search_term_string}\"},\"query-input\":{\"@type\":\"PropertyValueSpecification\",\"valueRequired\":true,\"valueName\":\"search_term_string\"}}],\"inLanguage\":\"de\"},{\"@type\":[\"Person\",\"Organization\"],\"@id\":\"\/#\/schema\/person\/6a8fe3f5ae57c6370d432efba693924f\",\"name\":\"Andr\u00e9\",\"image\":{\"@type\":\"ImageObject\",\"inLanguage\":\"de\",\"@id\":\"\/#\/schema\/person\/image\/\",\"url\":\"https:\/\/www.astrofotografie-wiget.ch\/wp-content\/uploads\/2022\/01\/2022.01.14-NGC-2244-WBPP-32x300s-small-1024x905.png\",\"contentUrl\":\"https:\/\/www.astrofotografie-wiget.ch\/wp-content\/uploads\/2022\/01\/2022.01.14-NGC-2244-WBPP-32x300s-small-1024x905.png\",\"width\":1024,\"height\":905,\"caption\":\"Andr\u00e9\"},\"logo\":{\"@id\":\"\/#\/schema\/person\/image\/\"},\"sameAs\":[\"https:\/\/www.astrofotografie-wiget.ch\",\"https:\/\/www.facebook.com\/andrewiget\",\"https:\/\/www.instagram.com\/andrewiget\"]}]}<\/script>\r\n<!-- \/ Yoast SEO plugin. -->","yoast_head_json":{"title":"M 42 - Orionnebel - Astronomie &amp; Astrofotografie","robots":{"index":"index","follow":"follow","max-snippet":"max-snippet:-1","max-image-preview":"max-image-preview:large","max-video-preview":"max-video-preview:-1"},"canonical":"https:\/\/www.astrofotografie-wiget.ch\/index.php\/fotogallerie\/messier-katalog\/m-42-orionnebel\/","og_locale":"de_DE","og_type":"article","og_title":"M 42 - Orionnebel - Astronomie &amp; Astrofotografie","og_description":"Der Orionnebel (M 42 oder NGC 1976) ist ein Emissionsnebel der sich im Sternbild Orion befindet. Durch sein sehr helles Zentrum ist der Nebel schon mit blossem Auge sichtbar. Er sieht stern\u00e4hnlich aus und befindet sich im Schwert des Orions, s\u00fcdlich der drei G\u00fcrtelsterne. Beim Orionnebel handelt es sich um ein Teilgebiet der interstellaren Melek\u00fclwolke&hellip; M 42 &#8211; Orionnebel weiterlesen","og_url":"https:\/\/www.astrofotografie-wiget.ch\/index.php\/fotogallerie\/messier-katalog\/m-42-orionnebel\/","og_site_name":"Astronomie &amp; Astrofotografie","article_publisher":"https:\/\/www.facebook.com\/andrewiget","article_modified_time":"2023-04-19T10:37:38+00:00","twitter_card":"summary_large_image","twitter_misc":{"Gesch\u00e4tzte Lesezeit":"2\u00a0Minuten"},"schema":{"@context":"https:\/\/schema.org","@graph":[{"@type":"WebPage","@id":"https:\/\/www.astrofotografie-wiget.ch\/index.php\/fotogallerie\/messier-katalog\/m-42-orionnebel\/","url":"https:\/\/www.astrofotografie-wiget.ch\/index.php\/fotogallerie\/messier-katalog\/m-42-orionnebel\/","name":"M 42 - Orionnebel - Astronomie &amp; Astrofotografie","isPartOf":{"@id":"\/#website"},"datePublished":"2021-11-18T19:59:16+00:00","dateModified":"2023-04-19T10:37:38+00:00","breadcrumb":{"@id":"https:\/\/www.astrofotografie-wiget.ch\/index.php\/fotogallerie\/messier-katalog\/m-42-orionnebel\/#breadcrumb"},"inLanguage":"de","potentialAction":[{"@type":"ReadAction","target":["https:\/\/www.astrofotografie-wiget.ch\/index.php\/fotogallerie\/messier-katalog\/m-42-orionnebel\/"]}]},{"@type":"BreadcrumbList","@id":"https:\/\/www.astrofotografie-wiget.ch\/index.php\/fotogallerie\/messier-katalog\/m-42-orionnebel\/#breadcrumb","itemListElement":[{"@type":"ListItem","position":1,"name":"Fotogallerie","item":"https:\/\/www.astrofotografie-wiget.ch\/index.php\/fotogallerie\/"},{"@type":"ListItem","position":2,"name":"Messier-Katalog","item":"https:\/\/www.astrofotografie-wiget.ch\/index.php\/fotogallerie\/messier-katalog\/"},{"@type":"ListItem","position":3,"name":"M 42 &#8211; Orionnebel"}]},{"@type":"WebSite","@id":"\/#website","url":"\/","name":"Astronomie & Astrofotografie","description":"Sonne, Mond, Planeten, Deep Sky","publisher":{"@id":"\/#\/schema\/person\/6a8fe3f5ae57c6370d432efba693924f"},"potentialAction":[{"@type":"SearchAction","target":{"@type":"EntryPoint","urlTemplate":"\/?s={search_term_string}"},"query-input":{"@type":"PropertyValueSpecification","valueRequired":true,"valueName":"search_term_string"}}],"inLanguage":"de"},{"@type":["Person","Organization"],"@id":"\/#\/schema\/person\/6a8fe3f5ae57c6370d432efba693924f","name":"Andr\u00e9","image":{"@type":"ImageObject","inLanguage":"de","@id":"\/#\/schema\/person\/image\/","url":"https:\/\/www.astrofotografie-wiget.ch\/wp-content\/uploads\/2022\/01\/2022.01.14-NGC-2244-WBPP-32x300s-small-1024x905.png","contentUrl":"https:\/\/www.astrofotografie-wiget.ch\/wp-content\/uploads\/2022\/01\/2022.01.14-NGC-2244-WBPP-32x300s-small-1024x905.png","width":1024,"height":905,"caption":"Andr\u00e9"},"logo":{"@id":"\/#\/schema\/person\/image\/"},"sameAs":["https:\/\/www.astrofotografie-wiget.ch","https:\/\/www.facebook.com\/andrewiget","https:\/\/www.instagram.com\/andrewiget"]}]}},"jetpack-related-posts":[],"jetpack_sharing_enabled":true,"_links":{"self":[{"href":"https:\/\/www.astrofotografie-wiget.ch\/index.php\/wp-json\/wp\/v2\/pages\/330","targetHints":{"allow":["GET"]}}],"collection":[{"href":"https:\/\/www.astrofotografie-wiget.ch\/index.php\/wp-json\/wp\/v2\/pages"}],"about":[{"href":"https:\/\/www.astrofotografie-wiget.ch\/index.php\/wp-json\/wp\/v2\/types\/page"}],"author":[{"embeddable":true,"href":"https:\/\/www.astrofotografie-wiget.ch\/index.php\/wp-json\/wp\/v2\/users\/1"}],"replies":[{"embeddable":true,"href":"https:\/\/www.astrofotografie-wiget.ch\/index.php\/wp-json\/wp\/v2\/comments?post=330"}],"version-history":[{"count":14,"href":"https:\/\/www.astrofotografie-wiget.ch\/index.php\/wp-json\/wp\/v2\/pages\/330\/revisions"}],"predecessor-version":[{"id":976,"href":"https:\/\/www.astrofotografie-wiget.ch\/index.php\/wp-json\/wp\/v2\/pages\/330\/revisions\/976"}],"up":[{"embeddable":true,"href":"https:\/\/www.astrofotografie-wiget.ch\/index.php\/wp-json\/wp\/v2\/pages\/318"}],"wp:attachment":[{"href":"https:\/\/www.astrofotografie-wiget.ch\/index.php\/wp-json\/wp\/v2\/media?parent=330"}],"curies":[{"name":"wp","href":"https:\/\/api.w.org\/{rel}","templated":true}]}}