{"id":324,"date":"2021-11-18T20:48:28","date_gmt":"2021-11-18T19:48:28","guid":{"rendered":"https:\/\/www.astrofotografie-wiget.ch\/?page_id=324"},"modified":"2023-12-19T09:22:04","modified_gmt":"2023-12-19T08:22:04","slug":"m-1-krebsnebel","status":"publish","type":"page","link":"https:\/\/www.astrofotografie-wiget.ch\/index.php\/fotogallerie\/messier-katalog\/m-1-krebsnebel\/","title":{"rendered":"M 1 &#8211; Krebsnebel"},"content":{"rendered":"<p>Der Krebsnebel (M 1 oder NGC 1952) befindet sich im Sternbild Stier. Er ist der \u00dcberrest einer im Jahr 1054 beobachteten Supernova. Er ist ca. 2&#8217;000 Parsec von der Erde entfernt.<\/p>\n<p>Der Nebel breitet sich mit fast 1&#8217;500 km\/s aus. Im Zentrum befindet sich der aus dem explodierten Stern hervorgegangene Neutronenstern, der etwa 30 mal pro Sekunde um seine Achse rotiert.<\/p>\n<p>Wegen seiner geringen scheinbaren Helligkeit kann der Krebsnebel nur durch Teleskope beobachtet werden und wurde erst im 18. Jahrhundert entdeckt. Durch seine N\u00e4he und als einer der j\u00fcngsten galaktischen Pulsarwind-Nebel geh\u00f6rt er seitdem zu den am intensivsten in der Astronomie erforschten Objekten.<\/p>\n<p>ngg_shortcode_0_placeholderDer erste Versuch den Krebsnebel zu fotografieren am 29. M\u00e4rz 2019 ist mir recht gut gelungen. Da hatte ich wohl ein bisschen Anf\u00e4ngergl\u00fcck.<\/p>\n<p><a href=\"https:\/\/www.astrofotografie-wiget.ch\/\">Home<\/a>&nbsp; &nbsp;<a href=\"https:\/\/www.astrofotografie-wiget.ch\/index.php\/fotogallerie\/\">Fotogallerie<\/a>&nbsp; &nbsp;<a href=\"https:\/\/www.astrofotografie-wiget.ch\/index.php\/fotogallerie\/messier-katalog\/\">Messier-Katalog<\/a><\/p>\n","protected":false},"excerpt":{"rendered":"<p>Der Krebsnebel (M 1 oder NGC 1952) befindet sich im Sternbild Stier. Er ist der \u00dcberrest einer im Jahr 1054 beobachteten Supernova. Er ist ca. 2&#8217;000 Parsec von der Erde entfernt. Der Nebel breitet sich mit fast 1&#8217;500 km\/s aus. Im Zentrum befindet sich der aus dem explodierten Stern hervorgegangene Neutronenstern, der etwa 30 mal&hellip; <a class=\"more-link\" href=\"https:\/\/www.astrofotografie-wiget.ch\/index.php\/fotogallerie\/messier-katalog\/m-1-krebsnebel\/\"><span class=\"screen-reader-text\">M 1 &#8211; Krebsnebel<\/span> weiterlesen<\/a><\/p>\n","protected":false},"author":1,"featured_media":0,"parent":318,"menu_order":0,"comment_status":"closed","ping_status":"closed","template":"","meta":{"ngg_post_thumbnail":0,"footnotes":""},"class_list":["post-324","page","type-page","status-publish","hentry","entry"],"yoast_head":"<!-- This site is optimized with the Yoast SEO plugin v24.7 - https:\/\/yoast.com\/wordpress\/plugins\/seo\/ -->\r\n<title>M 1 - Krebsnebel - Astronomie &amp; Astrofotografie<\/title>\r\n<meta name=\"robots\" content=\"index, follow, max-snippet:-1, max-image-preview:large, max-video-preview:-1\" \/>\r\n<link rel=\"canonical\" href=\"https:\/\/www.astrofotografie-wiget.ch\/index.php\/fotogallerie\/messier-katalog\/m-1-krebsnebel\/\" \/>\r\n<meta property=\"og:locale\" content=\"de_DE\" \/>\r\n<meta property=\"og:type\" content=\"article\" \/>\r\n<meta property=\"og:title\" content=\"M 1 - Krebsnebel - Astronomie &amp; Astrofotografie\" \/>\r\n<meta property=\"og:description\" content=\"Der Krebsnebel (M 1 oder NGC 1952) befindet sich im Sternbild Stier. Er ist der \u00dcberrest einer im Jahr 1054 beobachteten Supernova. Er ist ca. 2&#8217;000 Parsec von der Erde entfernt. Der Nebel breitet sich mit fast 1&#8217;500 km\/s aus. Im Zentrum befindet sich der aus dem explodierten Stern hervorgegangene Neutronenstern, der etwa 30 mal&hellip; M 1 &#8211; Krebsnebel weiterlesen\" \/>\r\n<meta property=\"og:url\" content=\"https:\/\/www.astrofotografie-wiget.ch\/index.php\/fotogallerie\/messier-katalog\/m-1-krebsnebel\/\" \/>\r\n<meta property=\"og:site_name\" content=\"Astronomie &amp; Astrofotografie\" \/>\r\n<meta property=\"article:publisher\" content=\"https:\/\/www.facebook.com\/andrewiget\" \/>\r\n<meta property=\"article:modified_time\" content=\"2023-12-19T08:22:04+00:00\" \/>\r\n<meta name=\"twitter:card\" content=\"summary_large_image\" \/>\r\n<meta name=\"twitter:label1\" content=\"Gesch\u00e4tzte Lesezeit\" \/>\n\t<meta name=\"twitter:data1\" content=\"1\u00a0Minute\" \/>\r\n<script type=\"application\/ld+json\" class=\"yoast-schema-graph\">{\"@context\":\"https:\/\/schema.org\",\"@graph\":[{\"@type\":\"WebPage\",\"@id\":\"https:\/\/www.astrofotografie-wiget.ch\/index.php\/fotogallerie\/messier-katalog\/m-1-krebsnebel\/\",\"url\":\"https:\/\/www.astrofotografie-wiget.ch\/index.php\/fotogallerie\/messier-katalog\/m-1-krebsnebel\/\",\"name\":\"M 1 - Krebsnebel - Astronomie &amp; Astrofotografie\",\"isPartOf\":{\"@id\":\"\/#website\"},\"datePublished\":\"2021-11-18T19:48:28+00:00\",\"dateModified\":\"2023-12-19T08:22:04+00:00\",\"breadcrumb\":{\"@id\":\"https:\/\/www.astrofotografie-wiget.ch\/index.php\/fotogallerie\/messier-katalog\/m-1-krebsnebel\/#breadcrumb\"},\"inLanguage\":\"de\",\"potentialAction\":[{\"@type\":\"ReadAction\",\"target\":[\"https:\/\/www.astrofotografie-wiget.ch\/index.php\/fotogallerie\/messier-katalog\/m-1-krebsnebel\/\"]}]},{\"@type\":\"BreadcrumbList\",\"@id\":\"https:\/\/www.astrofotografie-wiget.ch\/index.php\/fotogallerie\/messier-katalog\/m-1-krebsnebel\/#breadcrumb\",\"itemListElement\":[{\"@type\":\"ListItem\",\"position\":1,\"name\":\"Fotogallerie\",\"item\":\"https:\/\/www.astrofotografie-wiget.ch\/index.php\/fotogallerie\/\"},{\"@type\":\"ListItem\",\"position\":2,\"name\":\"Messier-Katalog\",\"item\":\"https:\/\/www.astrofotografie-wiget.ch\/index.php\/fotogallerie\/messier-katalog\/\"},{\"@type\":\"ListItem\",\"position\":3,\"name\":\"M 1 &#8211; Krebsnebel\"}]},{\"@type\":\"WebSite\",\"@id\":\"\/#website\",\"url\":\"\/\",\"name\":\"Astronomie & Astrofotografie\",\"description\":\"Sonne, Mond, Planeten, Deep Sky\",\"publisher\":{\"@id\":\"\/#\/schema\/person\/6a8fe3f5ae57c6370d432efba693924f\"},\"potentialAction\":[{\"@type\":\"SearchAction\",\"target\":{\"@type\":\"EntryPoint\",\"urlTemplate\":\"\/?s={search_term_string}\"},\"query-input\":{\"@type\":\"PropertyValueSpecification\",\"valueRequired\":true,\"valueName\":\"search_term_string\"}}],\"inLanguage\":\"de\"},{\"@type\":[\"Person\",\"Organization\"],\"@id\":\"\/#\/schema\/person\/6a8fe3f5ae57c6370d432efba693924f\",\"name\":\"Andr\u00e9\",\"image\":{\"@type\":\"ImageObject\",\"inLanguage\":\"de\",\"@id\":\"\/#\/schema\/person\/image\/\",\"url\":\"https:\/\/www.astrofotografie-wiget.ch\/wp-content\/uploads\/2022\/01\/2022.01.14-NGC-2244-WBPP-32x300s-small-1024x905.png\",\"contentUrl\":\"https:\/\/www.astrofotografie-wiget.ch\/wp-content\/uploads\/2022\/01\/2022.01.14-NGC-2244-WBPP-32x300s-small-1024x905.png\",\"width\":1024,\"height\":905,\"caption\":\"Andr\u00e9\"},\"logo\":{\"@id\":\"\/#\/schema\/person\/image\/\"},\"sameAs\":[\"https:\/\/www.astrofotografie-wiget.ch\",\"https:\/\/www.facebook.com\/andrewiget\",\"https:\/\/www.instagram.com\/andrewiget\"]}]}<\/script>\r\n<!-- \/ Yoast SEO plugin. -->","yoast_head_json":{"title":"M 1 - Krebsnebel - Astronomie &amp; Astrofotografie","robots":{"index":"index","follow":"follow","max-snippet":"max-snippet:-1","max-image-preview":"max-image-preview:large","max-video-preview":"max-video-preview:-1"},"canonical":"https:\/\/www.astrofotografie-wiget.ch\/index.php\/fotogallerie\/messier-katalog\/m-1-krebsnebel\/","og_locale":"de_DE","og_type":"article","og_title":"M 1 - Krebsnebel - Astronomie &amp; Astrofotografie","og_description":"Der Krebsnebel (M 1 oder NGC 1952) befindet sich im Sternbild Stier. Er ist der \u00dcberrest einer im Jahr 1054 beobachteten Supernova. Er ist ca. 2&#8217;000 Parsec von der Erde entfernt. Der Nebel breitet sich mit fast 1&#8217;500 km\/s aus. Im Zentrum befindet sich der aus dem explodierten Stern hervorgegangene Neutronenstern, der etwa 30 mal&hellip; M 1 &#8211; Krebsnebel weiterlesen","og_url":"https:\/\/www.astrofotografie-wiget.ch\/index.php\/fotogallerie\/messier-katalog\/m-1-krebsnebel\/","og_site_name":"Astronomie &amp; Astrofotografie","article_publisher":"https:\/\/www.facebook.com\/andrewiget","article_modified_time":"2023-12-19T08:22:04+00:00","twitter_card":"summary_large_image","twitter_misc":{"Gesch\u00e4tzte Lesezeit":"1\u00a0Minute"},"schema":{"@context":"https:\/\/schema.org","@graph":[{"@type":"WebPage","@id":"https:\/\/www.astrofotografie-wiget.ch\/index.php\/fotogallerie\/messier-katalog\/m-1-krebsnebel\/","url":"https:\/\/www.astrofotografie-wiget.ch\/index.php\/fotogallerie\/messier-katalog\/m-1-krebsnebel\/","name":"M 1 - Krebsnebel - Astronomie &amp; Astrofotografie","isPartOf":{"@id":"\/#website"},"datePublished":"2021-11-18T19:48:28+00:00","dateModified":"2023-12-19T08:22:04+00:00","breadcrumb":{"@id":"https:\/\/www.astrofotografie-wiget.ch\/index.php\/fotogallerie\/messier-katalog\/m-1-krebsnebel\/#breadcrumb"},"inLanguage":"de","potentialAction":[{"@type":"ReadAction","target":["https:\/\/www.astrofotografie-wiget.ch\/index.php\/fotogallerie\/messier-katalog\/m-1-krebsnebel\/"]}]},{"@type":"BreadcrumbList","@id":"https:\/\/www.astrofotografie-wiget.ch\/index.php\/fotogallerie\/messier-katalog\/m-1-krebsnebel\/#breadcrumb","itemListElement":[{"@type":"ListItem","position":1,"name":"Fotogallerie","item":"https:\/\/www.astrofotografie-wiget.ch\/index.php\/fotogallerie\/"},{"@type":"ListItem","position":2,"name":"Messier-Katalog","item":"https:\/\/www.astrofotografie-wiget.ch\/index.php\/fotogallerie\/messier-katalog\/"},{"@type":"ListItem","position":3,"name":"M 1 &#8211; Krebsnebel"}]},{"@type":"WebSite","@id":"\/#website","url":"\/","name":"Astronomie & Astrofotografie","description":"Sonne, Mond, Planeten, Deep Sky","publisher":{"@id":"\/#\/schema\/person\/6a8fe3f5ae57c6370d432efba693924f"},"potentialAction":[{"@type":"SearchAction","target":{"@type":"EntryPoint","urlTemplate":"\/?s={search_term_string}"},"query-input":{"@type":"PropertyValueSpecification","valueRequired":true,"valueName":"search_term_string"}}],"inLanguage":"de"},{"@type":["Person","Organization"],"@id":"\/#\/schema\/person\/6a8fe3f5ae57c6370d432efba693924f","name":"Andr\u00e9","image":{"@type":"ImageObject","inLanguage":"de","@id":"\/#\/schema\/person\/image\/","url":"https:\/\/www.astrofotografie-wiget.ch\/wp-content\/uploads\/2022\/01\/2022.01.14-NGC-2244-WBPP-32x300s-small-1024x905.png","contentUrl":"https:\/\/www.astrofotografie-wiget.ch\/wp-content\/uploads\/2022\/01\/2022.01.14-NGC-2244-WBPP-32x300s-small-1024x905.png","width":1024,"height":905,"caption":"Andr\u00e9"},"logo":{"@id":"\/#\/schema\/person\/image\/"},"sameAs":["https:\/\/www.astrofotografie-wiget.ch","https:\/\/www.facebook.com\/andrewiget","https:\/\/www.instagram.com\/andrewiget"]}]}},"jetpack-related-posts":[],"jetpack_sharing_enabled":true,"_links":{"self":[{"href":"https:\/\/www.astrofotografie-wiget.ch\/index.php\/wp-json\/wp\/v2\/pages\/324","targetHints":{"allow":["GET"]}}],"collection":[{"href":"https:\/\/www.astrofotografie-wiget.ch\/index.php\/wp-json\/wp\/v2\/pages"}],"about":[{"href":"https:\/\/www.astrofotografie-wiget.ch\/index.php\/wp-json\/wp\/v2\/types\/page"}],"author":[{"embeddable":true,"href":"https:\/\/www.astrofotografie-wiget.ch\/index.php\/wp-json\/wp\/v2\/users\/1"}],"replies":[{"embeddable":true,"href":"https:\/\/www.astrofotografie-wiget.ch\/index.php\/wp-json\/wp\/v2\/comments?post=324"}],"version-history":[{"count":27,"href":"https:\/\/www.astrofotografie-wiget.ch\/index.php\/wp-json\/wp\/v2\/pages\/324\/revisions"}],"predecessor-version":[{"id":1073,"href":"https:\/\/www.astrofotografie-wiget.ch\/index.php\/wp-json\/wp\/v2\/pages\/324\/revisions\/1073"}],"up":[{"embeddable":true,"href":"https:\/\/www.astrofotografie-wiget.ch\/index.php\/wp-json\/wp\/v2\/pages\/318"}],"wp:attachment":[{"href":"https:\/\/www.astrofotografie-wiget.ch\/index.php\/wp-json\/wp\/v2\/media?parent=324"}],"curies":[{"name":"wp","href":"https:\/\/api.w.org\/{rel}","templated":true}]}}