{"id":318,"date":"2021-11-18T20:26:29","date_gmt":"2021-11-18T19:26:29","guid":{"rendered":"https:\/\/www.astrofotografie-wiget.ch\/?page_id=318"},"modified":"2021-11-24T14:53:05","modified_gmt":"2021-11-24T13:53:05","slug":"messier-katalog","status":"publish","type":"page","link":"https:\/\/www.astrofotografie-wiget.ch\/index.php\/fotogallerie\/messier-katalog\/","title":{"rendered":"Messier-Katalog"},"content":{"rendered":"<p>Charles Messier ist ein franz\u00f6sischer Astronom welcher 1771 erstmals den nach ihm benannten Katalog ver\u00f6ffentlicht hat. Darin waren zuerst 45 Objekte enthalten. In der zweiten Ver\u00f6ffentlichung 1784 enthielt er 103 Objekte. Sp\u00e4ter wurden diese dann auf 110 erweitert. Er enth\u00e4lt vorwiegend Galaxien, Sternhaufen und Nebel. Da die Ger\u00e4te in der damaligen Zeit noch nicht so gut waren lassen sich all diese Objekte mit den heutigen Amateur-Teleskopen sehr gut beobachten.<\/p>\n<p>Hier nun die Liste aller von mir gemachten Aufnahmen:<\/p>\n<ul>\n<li><a href=\"https:\/\/www.astrofotografie-wiget.ch\/index.php\/fotogallerie\/messier-katalog\/m-1-krebsnebel\/\">M 1 &#8211; Krebsnebel<\/a><\/li>\n<li><a href=\"https:\/\/www.astrofotografie-wiget.ch\/index.php\/fotogallerie\/messier-katalog\/m-8-lagunennebel\/\">M 8 &#8211; Lagunennebel<\/a><\/li>\n<li><a href=\"https:\/\/www.astrofotografie-wiget.ch\/index.php\/fotogallerie\/messier-katalog\/m-16-adlernebel\/\">M 16 &#8211; Adlernebel<\/a><\/li>\n<li>M 17 &#8211; Omeganebel<\/li>\n<li><a href=\"https:\/\/www.astrofotografie-wiget.ch\/index.php\/fotogallerie\/messier-katalog\/m-20-trifidnebel\/\">M 20 &#8211; Trifidnebel<\/a><\/li>\n<li><a href=\"https:\/\/www.astrofotografie-wiget.ch\/index.php\/fotogallerie\/messier-katalog\/m-27-hantelnebel\/\">M 27 &#8211; Hantelnebel<\/a><\/li>\n<li><a href=\"https:\/\/www.astrofotografie-wiget.ch\/index.php\/fotogallerie\/messier-katalog\/m-31-andromeda-galaxie\/\">M 31 &#8211; Andromeda Galaxie<\/a><\/li>\n<li><a href=\"https:\/\/www.astrofotografie-wiget.ch\/index.php\/fotogallerie\/messier-katalog\/m-33-dreiecksgalaxie\/\">M 33 &#8211; Dreiecksgalaxie<\/a><\/li>\n<li><a href=\"https:\/\/www.astrofotografie-wiget.ch\/index.php\/fotogallerie\/messier-katalog\/m-42-orionnebel\/\">M 42 &#8211; Orionnebel<\/a><\/li>\n<li><a href=\"https:\/\/www.astrofotografie-wiget.ch\/index.php\/m-45-plejaden\/\">M 45 &#8211; Plejaden<\/a><\/li>\n<li><a href=\"https:\/\/www.astrofotografie-wiget.ch\/index.php\/fotogallerie\/messier-katalog\/m-51-whirlpool-galaxie\/\">M 51 &#8211; Whirlpool Galaxie<\/a><\/li>\n<li><a href=\"https:\/\/www.astrofotografie-wiget.ch\/index.php\/fotogallerie\/messier-katalog\/m-57-ringnebel\/\">M 57 &#8211; Ringnebel<\/a><\/li>\n<li><a href=\"https:\/\/www.astrofotografie-wiget.ch\/index.php\/fotogallerie\/messier-katalog\/m-63-sonnenblumen-galaxie\/\">M 63 &#8211; Sonnenblumen-Galaxie<\/a><\/li>\n<li><a href=\"https:\/\/www.astrofotografie-wiget.ch\/index.php\/fotogallerie\/messier-katalog\/m-66-gruppe-leo-triplett\/\">M 66 Gruppe &#8211; Leo-Triplett<\/a><\/li>\n<li><a href=\"https:\/\/www.astrofotografie-wiget.ch\/index.php\/fotogallerie\/messier-katalog\/m-81-bodes-galaxie\/\">M 81 &#8211; Bode&#8217;s Galaxie<\/a><\/li>\n<li><a href=\"https:\/\/www.astrofotografie-wiget.ch\/index.php\/m-82-zigarrengalaxie\/\">M 82 &#8211; Zigarren-Galaxie<\/a><\/li>\n<li><a href=\"https:\/\/www.astrofotografie-wiget.ch\/index.php\/fotogallerie\/messier-katalog\/m-97-eulennebel\/\">M 97 &#8211; Eulennebel<\/a><\/li>\n<li><a href=\"https:\/\/www.astrofotografie-wiget.ch\/index.php\/fotogallerie\/messier-katalog\/m-101-feuerrad-galaxie\/\">M 101 &#8211; Feuerrad Galaxie<\/a><\/li>\n<li><a href=\"https:\/\/www.astrofotografie-wiget.ch\/index.php\/fotogallerie\/messier-katalog\/m-104-sombrero-galaxie\/\">M 104 &#8211; Sombrero Galaxie<\/a><\/li>\n<li><a href=\"https:\/\/www.astrofotografie-wiget.ch\/index.php\/fotogallerie\/messier-katalog\/m-106\/\">M 106<\/a><\/li>\n<\/ul>\n<p><a href=\"https:\/\/www.astrofotografie-wiget.ch\/\">Home<\/a>\u00a0 \u00a0 <a href=\"https:\/\/www.astrofotografie-wiget.ch\/index.php\/fotogallerie\/\">Fotogallerie<\/a><\/p>\n","protected":false},"excerpt":{"rendered":"<p>Charles Messier ist ein franz\u00f6sischer Astronom welcher 1771 erstmals den nach ihm benannten Katalog ver\u00f6ffentlicht hat. Darin waren zuerst 45 Objekte enthalten. In der zweiten Ver\u00f6ffentlichung 1784 enthielt er 103 Objekte. Sp\u00e4ter wurden diese dann auf 110 erweitert. Er enth\u00e4lt vorwiegend Galaxien, Sternhaufen und Nebel. Da die Ger\u00e4te in der damaligen Zeit noch nicht so&hellip; <a class=\"more-link\" href=\"https:\/\/www.astrofotografie-wiget.ch\/index.php\/fotogallerie\/messier-katalog\/\"><span class=\"screen-reader-text\">Messier-Katalog<\/span> weiterlesen<\/a><\/p>\n","protected":false},"author":1,"featured_media":0,"parent":248,"menu_order":0,"comment_status":"closed","ping_status":"closed","template":"","meta":{"ngg_post_thumbnail":0,"footnotes":""},"class_list":["post-318","page","type-page","status-publish","hentry","entry"],"yoast_head":"<!-- This site is optimized with the Yoast SEO plugin v24.7 - https:\/\/yoast.com\/wordpress\/plugins\/seo\/ -->\r\n<title>Messier-Katalog - Astronomie &amp; Astrofotografie<\/title>\r\n<meta name=\"robots\" content=\"index, follow, max-snippet:-1, max-image-preview:large, max-video-preview:-1\" \/>\r\n<link rel=\"canonical\" href=\"https:\/\/www.astrofotografie-wiget.ch\/index.php\/fotogallerie\/messier-katalog\/\" \/>\r\n<meta property=\"og:locale\" content=\"de_DE\" \/>\r\n<meta property=\"og:type\" content=\"article\" \/>\r\n<meta property=\"og:title\" content=\"Messier-Katalog - Astronomie &amp; Astrofotografie\" \/>\r\n<meta property=\"og:description\" content=\"Charles Messier ist ein franz\u00f6sischer Astronom welcher 1771 erstmals den nach ihm benannten Katalog ver\u00f6ffentlicht hat. Darin waren zuerst 45 Objekte enthalten. In der zweiten Ver\u00f6ffentlichung 1784 enthielt er 103 Objekte. Sp\u00e4ter wurden diese dann auf 110 erweitert. Er enth\u00e4lt vorwiegend Galaxien, Sternhaufen und Nebel. Da die Ger\u00e4te in der damaligen Zeit noch nicht so&hellip; Messier-Katalog weiterlesen\" \/>\r\n<meta property=\"og:url\" content=\"https:\/\/www.astrofotografie-wiget.ch\/index.php\/fotogallerie\/messier-katalog\/\" \/>\r\n<meta property=\"og:site_name\" content=\"Astronomie &amp; Astrofotografie\" \/>\r\n<meta property=\"article:publisher\" content=\"https:\/\/www.facebook.com\/andrewiget\" \/>\r\n<meta property=\"article:modified_time\" content=\"2021-11-24T13:53:05+00:00\" \/>\r\n<meta name=\"twitter:card\" content=\"summary_large_image\" \/>\r\n<meta name=\"twitter:label1\" content=\"Gesch\u00e4tzte Lesezeit\" \/>\n\t<meta name=\"twitter:data1\" content=\"1\u00a0Minute\" \/>\r\n<script type=\"application\/ld+json\" class=\"yoast-schema-graph\">{\"@context\":\"https:\/\/schema.org\",\"@graph\":[{\"@type\":\"WebPage\",\"@id\":\"https:\/\/www.astrofotografie-wiget.ch\/index.php\/fotogallerie\/messier-katalog\/\",\"url\":\"https:\/\/www.astrofotografie-wiget.ch\/index.php\/fotogallerie\/messier-katalog\/\",\"name\":\"Messier-Katalog - Astronomie &amp; Astrofotografie\",\"isPartOf\":{\"@id\":\"\/#website\"},\"datePublished\":\"2021-11-18T19:26:29+00:00\",\"dateModified\":\"2021-11-24T13:53:05+00:00\",\"breadcrumb\":{\"@id\":\"https:\/\/www.astrofotografie-wiget.ch\/index.php\/fotogallerie\/messier-katalog\/#breadcrumb\"},\"inLanguage\":\"de\",\"potentialAction\":[{\"@type\":\"ReadAction\",\"target\":[\"https:\/\/www.astrofotografie-wiget.ch\/index.php\/fotogallerie\/messier-katalog\/\"]}]},{\"@type\":\"BreadcrumbList\",\"@id\":\"https:\/\/www.astrofotografie-wiget.ch\/index.php\/fotogallerie\/messier-katalog\/#breadcrumb\",\"itemListElement\":[{\"@type\":\"ListItem\",\"position\":1,\"name\":\"Fotogallerie\",\"item\":\"https:\/\/www.astrofotografie-wiget.ch\/index.php\/fotogallerie\/\"},{\"@type\":\"ListItem\",\"position\":2,\"name\":\"Messier-Katalog\"}]},{\"@type\":\"WebSite\",\"@id\":\"\/#website\",\"url\":\"\/\",\"name\":\"Astronomie & Astrofotografie\",\"description\":\"Sonne, Mond, Planeten, Deep Sky\",\"publisher\":{\"@id\":\"\/#\/schema\/person\/6a8fe3f5ae57c6370d432efba693924f\"},\"potentialAction\":[{\"@type\":\"SearchAction\",\"target\":{\"@type\":\"EntryPoint\",\"urlTemplate\":\"\/?s={search_term_string}\"},\"query-input\":{\"@type\":\"PropertyValueSpecification\",\"valueRequired\":true,\"valueName\":\"search_term_string\"}}],\"inLanguage\":\"de\"},{\"@type\":[\"Person\",\"Organization\"],\"@id\":\"\/#\/schema\/person\/6a8fe3f5ae57c6370d432efba693924f\",\"name\":\"Andr\u00e9\",\"image\":{\"@type\":\"ImageObject\",\"inLanguage\":\"de\",\"@id\":\"\/#\/schema\/person\/image\/\",\"url\":\"https:\/\/www.astrofotografie-wiget.ch\/wp-content\/uploads\/2022\/01\/2022.01.14-NGC-2244-WBPP-32x300s-small-1024x905.png\",\"contentUrl\":\"https:\/\/www.astrofotografie-wiget.ch\/wp-content\/uploads\/2022\/01\/2022.01.14-NGC-2244-WBPP-32x300s-small-1024x905.png\",\"width\":1024,\"height\":905,\"caption\":\"Andr\u00e9\"},\"logo\":{\"@id\":\"\/#\/schema\/person\/image\/\"},\"sameAs\":[\"https:\/\/www.astrofotografie-wiget.ch\",\"https:\/\/www.facebook.com\/andrewiget\",\"https:\/\/www.instagram.com\/andrewiget\"]}]}<\/script>\r\n<!-- \/ Yoast SEO plugin. -->","yoast_head_json":{"title":"Messier-Katalog - Astronomie &amp; Astrofotografie","robots":{"index":"index","follow":"follow","max-snippet":"max-snippet:-1","max-image-preview":"max-image-preview:large","max-video-preview":"max-video-preview:-1"},"canonical":"https:\/\/www.astrofotografie-wiget.ch\/index.php\/fotogallerie\/messier-katalog\/","og_locale":"de_DE","og_type":"article","og_title":"Messier-Katalog - Astronomie &amp; Astrofotografie","og_description":"Charles Messier ist ein franz\u00f6sischer Astronom welcher 1771 erstmals den nach ihm benannten Katalog ver\u00f6ffentlicht hat. Darin waren zuerst 45 Objekte enthalten. In der zweiten Ver\u00f6ffentlichung 1784 enthielt er 103 Objekte. Sp\u00e4ter wurden diese dann auf 110 erweitert. Er enth\u00e4lt vorwiegend Galaxien, Sternhaufen und Nebel. Da die Ger\u00e4te in der damaligen Zeit noch nicht so&hellip; Messier-Katalog weiterlesen","og_url":"https:\/\/www.astrofotografie-wiget.ch\/index.php\/fotogallerie\/messier-katalog\/","og_site_name":"Astronomie &amp; Astrofotografie","article_publisher":"https:\/\/www.facebook.com\/andrewiget","article_modified_time":"2021-11-24T13:53:05+00:00","twitter_card":"summary_large_image","twitter_misc":{"Gesch\u00e4tzte Lesezeit":"1\u00a0Minute"},"schema":{"@context":"https:\/\/schema.org","@graph":[{"@type":"WebPage","@id":"https:\/\/www.astrofotografie-wiget.ch\/index.php\/fotogallerie\/messier-katalog\/","url":"https:\/\/www.astrofotografie-wiget.ch\/index.php\/fotogallerie\/messier-katalog\/","name":"Messier-Katalog - Astronomie &amp; Astrofotografie","isPartOf":{"@id":"\/#website"},"datePublished":"2021-11-18T19:26:29+00:00","dateModified":"2021-11-24T13:53:05+00:00","breadcrumb":{"@id":"https:\/\/www.astrofotografie-wiget.ch\/index.php\/fotogallerie\/messier-katalog\/#breadcrumb"},"inLanguage":"de","potentialAction":[{"@type":"ReadAction","target":["https:\/\/www.astrofotografie-wiget.ch\/index.php\/fotogallerie\/messier-katalog\/"]}]},{"@type":"BreadcrumbList","@id":"https:\/\/www.astrofotografie-wiget.ch\/index.php\/fotogallerie\/messier-katalog\/#breadcrumb","itemListElement":[{"@type":"ListItem","position":1,"name":"Fotogallerie","item":"https:\/\/www.astrofotografie-wiget.ch\/index.php\/fotogallerie\/"},{"@type":"ListItem","position":2,"name":"Messier-Katalog"}]},{"@type":"WebSite","@id":"\/#website","url":"\/","name":"Astronomie & Astrofotografie","description":"Sonne, Mond, Planeten, Deep Sky","publisher":{"@id":"\/#\/schema\/person\/6a8fe3f5ae57c6370d432efba693924f"},"potentialAction":[{"@type":"SearchAction","target":{"@type":"EntryPoint","urlTemplate":"\/?s={search_term_string}"},"query-input":{"@type":"PropertyValueSpecification","valueRequired":true,"valueName":"search_term_string"}}],"inLanguage":"de"},{"@type":["Person","Organization"],"@id":"\/#\/schema\/person\/6a8fe3f5ae57c6370d432efba693924f","name":"Andr\u00e9","image":{"@type":"ImageObject","inLanguage":"de","@id":"\/#\/schema\/person\/image\/","url":"https:\/\/www.astrofotografie-wiget.ch\/wp-content\/uploads\/2022\/01\/2022.01.14-NGC-2244-WBPP-32x300s-small-1024x905.png","contentUrl":"https:\/\/www.astrofotografie-wiget.ch\/wp-content\/uploads\/2022\/01\/2022.01.14-NGC-2244-WBPP-32x300s-small-1024x905.png","width":1024,"height":905,"caption":"Andr\u00e9"},"logo":{"@id":"\/#\/schema\/person\/image\/"},"sameAs":["https:\/\/www.astrofotografie-wiget.ch","https:\/\/www.facebook.com\/andrewiget","https:\/\/www.instagram.com\/andrewiget"]}]}},"jetpack-related-posts":[],"jetpack_sharing_enabled":true,"_links":{"self":[{"href":"https:\/\/www.astrofotografie-wiget.ch\/index.php\/wp-json\/wp\/v2\/pages\/318","targetHints":{"allow":["GET"]}}],"collection":[{"href":"https:\/\/www.astrofotografie-wiget.ch\/index.php\/wp-json\/wp\/v2\/pages"}],"about":[{"href":"https:\/\/www.astrofotografie-wiget.ch\/index.php\/wp-json\/wp\/v2\/types\/page"}],"author":[{"embeddable":true,"href":"https:\/\/www.astrofotografie-wiget.ch\/index.php\/wp-json\/wp\/v2\/users\/1"}],"replies":[{"embeddable":true,"href":"https:\/\/www.astrofotografie-wiget.ch\/index.php\/wp-json\/wp\/v2\/comments?post=318"}],"version-history":[{"count":24,"href":"https:\/\/www.astrofotografie-wiget.ch\/index.php\/wp-json\/wp\/v2\/pages\/318\/revisions"}],"predecessor-version":[{"id":621,"href":"https:\/\/www.astrofotografie-wiget.ch\/index.php\/wp-json\/wp\/v2\/pages\/318\/revisions\/621"}],"up":[{"embeddable":true,"href":"https:\/\/www.astrofotografie-wiget.ch\/index.php\/wp-json\/wp\/v2\/pages\/248"}],"wp:attachment":[{"href":"https:\/\/www.astrofotografie-wiget.ch\/index.php\/wp-json\/wp\/v2\/media?parent=318"}],"curies":[{"name":"wp","href":"https:\/\/api.w.org\/{rel}","templated":true}]}}