{"id":285,"date":"2021-11-17T15:23:05","date_gmt":"2021-11-17T14:23:05","guid":{"rendered":"https:\/\/www.astrofotografie-wiget.ch\/?page_id=285"},"modified":"2021-11-19T08:01:41","modified_gmt":"2021-11-19T07:01:41","slug":"mond","status":"publish","type":"page","link":"https:\/\/www.astrofotografie-wiget.ch\/index.php\/fotogallerie\/sonnensystem\/mond\/","title":{"rendered":"Mond"},"content":{"rendered":"<p>Es ist gar nicht so einfach ein gutes Foto vom Mond zu machen. Ein Reflektor liefert da oft nicht so scharfe Resultate wie ein Refraktor. Aber ich habe es nat\u00fcrlich trotzdem versucht.<\/p>\n<p>&nbsp;<\/p>\n<div class=\"tiled-gallery type-rectangular tiled-gallery-unresized\" data-original-width=\"750\" data-carousel-extra='null' itemscope itemtype=\"http:\/\/schema.org\/ImageGallery\" > <div class=\"gallery-row\" style=\"width: 750px; height: 208px;\" data-original-width=\"750\" data-original-height=\"208\" > <div class=\"gallery-group images-1\" style=\"width: 169px; height: 208px;\" data-original-width=\"169\" data-original-height=\"208\" > <div class=\"tiled-gallery-item tiled-gallery-item-small\" itemprop=\"associatedMedia\" itemscope itemtype=\"http:\/\/schema.org\/ImageObject\"> <meta itemprop=\"width\" content=\"165\"> <meta itemprop=\"height\" content=\"204\"> <img decoding=\"async\" class=\"\" data-attachment-id=\"289\" data-orig-file=\"https:\/\/www.astrofotografie-wiget.ch\/wp-content\/uploads\/2021\/11\/2021.02.28-Mond.jpg\" data-orig-size=\"1167,1440\" data-comments-opened=\"1\" data-image-meta=\"{&quot;aperture&quot;:&quot;0&quot;,&quot;credit&quot;:&quot;&quot;,&quot;camera&quot;:&quot;&quot;,&quot;caption&quot;:&quot;&quot;,&quot;created_timestamp&quot;:&quot;0&quot;,&quot;copyright&quot;:&quot;&quot;,&quot;focal_length&quot;:&quot;0&quot;,&quot;iso&quot;:&quot;0&quot;,&quot;shutter_speed&quot;:&quot;0&quot;,&quot;title&quot;:&quot;&quot;,&quot;orientation&quot;:&quot;1&quot;}\" data-image-title=\"28. Februar 2021\" data-image-description=\"\" data-medium-file=\"https:\/\/i0.wp.com\/www.astrofotografie-wiget.ch\/wp-content\/uploads\/2021\/11\/2021.02.28-Mond.jpg?fit=243%2C300&#038;ssl=1\" data-large-file=\"https:\/\/i0.wp.com\/www.astrofotografie-wiget.ch\/wp-content\/uploads\/2021\/11\/2021.02.28-Mond.jpg?fit=750%2C925&#038;ssl=1\" src=\"https:\/\/i0.wp.com\/www.astrofotografie-wiget.ch\/wp-content\/uploads\/2021\/11\/2021.02.28-Mond.jpg?w=165&#038;h=204&#038;ssl=1\" srcset=\"https:\/\/i0.wp.com\/www.astrofotografie-wiget.ch\/wp-content\/uploads\/2021\/11\/2021.02.28-Mond.jpg?w=1167&amp;ssl=1 1167w, https:\/\/i0.wp.com\/www.astrofotografie-wiget.ch\/wp-content\/uploads\/2021\/11\/2021.02.28-Mond.jpg?resize=243%2C300&amp;ssl=1 243w, https:\/\/i0.wp.com\/www.astrofotografie-wiget.ch\/wp-content\/uploads\/2021\/11\/2021.02.28-Mond.jpg?resize=830%2C1024&amp;ssl=1 830w, https:\/\/i0.wp.com\/www.astrofotografie-wiget.ch\/wp-content\/uploads\/2021\/11\/2021.02.28-Mond.jpg?resize=768%2C948&amp;ssl=1 768w\" width=\"165\" height=\"204\" loading=\"lazy\" data-original-width=\"165\" data-original-height=\"204\" itemprop=\"http:\/\/schema.org\/image\" title=\"28. Februar 2021\" alt=\"22. Februar 2021: Celestron 11 EdgeHD \/ ZWO ASI 6200 MC Pro. Bei anderen Aufnahmen vom Mond war ich immer begeistert von den Farben der Mineralien die dort zum Vorschein kamen. Ich habe es daher noch einmal probiert und am Schluss noch die Farben st\u00e4rker ges\u00e4ttigt. Es hat zwar immer noch Verbesserungspotential, aber ist doch f\u00fcr den Anfang gar nicht so schlecht finde ich.\" style=\"width: 165px; height: 204px;\" \/> <div class=\"tiled-gallery-caption\" itemprop=\"caption description\"> 22. Februar 2021: Celestron 11 EdgeHD \/ ZWO ASI 6200 MC Pro. Bei anderen Aufnahmen vom Mond war ich immer begeistert von den Farben der Mineralien die dort zum Vorschein kamen. Ich habe es daher noch einmal probiert und am Schluss noch die Farben st\u00e4rker ges\u00e4ttigt. Es hat zwar immer noch Verbesserungspotential, aber ist doch f\u00fcr den Anfang gar nicht so schlecht finde ich. <\/div> <\/div> <\/div> <!-- close group --> <div class=\"gallery-group images-1\" style=\"width: 214px; height: 208px;\" data-original-width=\"214\" data-original-height=\"208\" > <div class=\"tiled-gallery-item tiled-gallery-item-small\" itemprop=\"associatedMedia\" itemscope itemtype=\"http:\/\/schema.org\/ImageObject\"> <meta itemprop=\"width\" content=\"210\"> <meta itemprop=\"height\" content=\"204\"> <img decoding=\"async\" class=\"\" data-attachment-id=\"288\" data-orig-file=\"https:\/\/www.astrofotografie-wiget.ch\/wp-content\/uploads\/2021\/11\/2021.02.22-Mond.jpg\" data-orig-size=\"1440,1398\" data-comments-opened=\"1\" data-image-meta=\"{&quot;aperture&quot;:&quot;0&quot;,&quot;credit&quot;:&quot;&quot;,&quot;camera&quot;:&quot;&quot;,&quot;caption&quot;:&quot;&quot;,&quot;created_timestamp&quot;:&quot;0&quot;,&quot;copyright&quot;:&quot;&quot;,&quot;focal_length&quot;:&quot;0&quot;,&quot;iso&quot;:&quot;0&quot;,&quot;shutter_speed&quot;:&quot;0&quot;,&quot;title&quot;:&quot;&quot;,&quot;orientation&quot;:&quot;1&quot;}\" data-image-title=\"22. Februar 2021: Celestron 11 EdgeHD \/ ZWO ASI 6200 MC Pro\" data-image-description=\"\" data-medium-file=\"https:\/\/i0.wp.com\/www.astrofotografie-wiget.ch\/wp-content\/uploads\/2021\/11\/2021.02.22-Mond.jpg?fit=300%2C291&#038;ssl=1\" data-large-file=\"https:\/\/i0.wp.com\/www.astrofotografie-wiget.ch\/wp-content\/uploads\/2021\/11\/2021.02.22-Mond.jpg?fit=750%2C728&#038;ssl=1\" src=\"https:\/\/i0.wp.com\/www.astrofotografie-wiget.ch\/wp-content\/uploads\/2021\/11\/2021.02.22-Mond.jpg?w=210&#038;h=204&#038;ssl=1\" srcset=\"https:\/\/i0.wp.com\/www.astrofotografie-wiget.ch\/wp-content\/uploads\/2021\/11\/2021.02.22-Mond.jpg?w=1440&amp;ssl=1 1440w, https:\/\/i0.wp.com\/www.astrofotografie-wiget.ch\/wp-content\/uploads\/2021\/11\/2021.02.22-Mond.jpg?resize=300%2C291&amp;ssl=1 300w, https:\/\/i0.wp.com\/www.astrofotografie-wiget.ch\/wp-content\/uploads\/2021\/11\/2021.02.22-Mond.jpg?resize=1024%2C994&amp;ssl=1 1024w, https:\/\/i0.wp.com\/www.astrofotografie-wiget.ch\/wp-content\/uploads\/2021\/11\/2021.02.22-Mond.jpg?resize=768%2C746&amp;ssl=1 768w\" width=\"210\" height=\"204\" loading=\"lazy\" data-original-width=\"210\" data-original-height=\"204\" itemprop=\"http:\/\/schema.org\/image\" title=\"22. Februar 2021: Celestron 11 EdgeHD \/ ZWO ASI 6200 MC Pro\" alt=\"22. Februar 2021: Celestron 11 EdgeHD \/ ZWO ASI 6200 MC Pro. Nachdem ich ein bisschen etwas zum Thema Mondfotografie gelesen habe versuchte ich es noch einmal. Dieses mal habe ich mit dem Celestron 11 EdgeHD und der ZWO ASI 6200 MC Pro ein Video vom Mond gemacht. Dieses Video habe ich anschliessend bearbeitet und gestackt.\" style=\"width: 210px; height: 204px;\" \/> <div class=\"tiled-gallery-caption\" itemprop=\"caption description\"> 22. Februar 2021: Celestron 11 EdgeHD \/ ZWO ASI 6200 MC Pro. Nachdem ich ein bisschen etwas zum Thema Mondfotografie gelesen habe versuchte ich es noch einmal. Dieses mal habe ich mit dem Celestron 11 EdgeHD und der ZWO ASI 6200 MC Pro ein Video vom Mond gemacht. Dieses Video habe ich anschliessend bearbeitet und gestackt. <\/div> <\/div> <\/div> <!-- close group --> <div class=\"gallery-group images-1\" style=\"width: 157px; height: 208px;\" data-original-width=\"157\" data-original-height=\"208\" > <div class=\"tiled-gallery-item tiled-gallery-item-small\" itemprop=\"associatedMedia\" itemscope itemtype=\"http:\/\/schema.org\/ImageObject\"> <meta itemprop=\"width\" content=\"153\"> <meta itemprop=\"height\" content=\"204\"> <img decoding=\"async\" class=\"\" data-attachment-id=\"287\" data-orig-file=\"https:\/\/www.astrofotografie-wiget.ch\/wp-content\/uploads\/2021\/11\/2020.06.30-Mond-Huawaii-P30-Pro-scaled.jpg\" data-orig-size=\"1920,2560\" data-comments-opened=\"1\" data-image-meta=\"{&quot;aperture&quot;:&quot;1.6&quot;,&quot;credit&quot;:&quot;&quot;,&quot;camera&quot;:&quot;VOG-L29&quot;,&quot;caption&quot;:&quot;&quot;,&quot;created_timestamp&quot;:&quot;1593560685&quot;,&quot;copyright&quot;:&quot;&quot;,&quot;focal_length&quot;:&quot;5.56&quot;,&quot;iso&quot;:&quot;125&quot;,&quot;shutter_speed&quot;:&quot;0.02&quot;,&quot;title&quot;:&quot;&quot;,&quot;orientation&quot;:&quot;0&quot;}\" data-image-title=\"2020.06.30 Mond Huawaii P30 Pro\" data-image-description=\"&lt;p&gt;Beschreibung 2&lt;\/p&gt; \" data-medium-file=\"https:\/\/i0.wp.com\/www.astrofotografie-wiget.ch\/wp-content\/uploads\/2021\/11\/2020.06.30-Mond-Huawaii-P30-Pro-scaled.jpg?fit=225%2C300&#038;ssl=1\" data-large-file=\"https:\/\/i0.wp.com\/www.astrofotografie-wiget.ch\/wp-content\/uploads\/2021\/11\/2020.06.30-Mond-Huawaii-P30-Pro-scaled.jpg?fit=750%2C1000&#038;ssl=1\" src=\"https:\/\/i0.wp.com\/www.astrofotografie-wiget.ch\/wp-content\/uploads\/2021\/11\/2020.06.30-Mond-Huawaii-P30-Pro-scaled.jpg?w=153&#038;h=204&#038;ssl=1\" srcset=\"https:\/\/i0.wp.com\/www.astrofotografie-wiget.ch\/wp-content\/uploads\/2021\/11\/2020.06.30-Mond-Huawaii-P30-Pro-scaled.jpg?w=1920&amp;ssl=1 1920w, https:\/\/i0.wp.com\/www.astrofotografie-wiget.ch\/wp-content\/uploads\/2021\/11\/2020.06.30-Mond-Huawaii-P30-Pro-scaled.jpg?resize=225%2C300&amp;ssl=1 225w, https:\/\/i0.wp.com\/www.astrofotografie-wiget.ch\/wp-content\/uploads\/2021\/11\/2020.06.30-Mond-Huawaii-P30-Pro-scaled.jpg?resize=768%2C1024&amp;ssl=1 768w, https:\/\/i0.wp.com\/www.astrofotografie-wiget.ch\/wp-content\/uploads\/2021\/11\/2020.06.30-Mond-Huawaii-P30-Pro-scaled.jpg?resize=1152%2C1536&amp;ssl=1 1152w, https:\/\/i0.wp.com\/www.astrofotografie-wiget.ch\/wp-content\/uploads\/2021\/11\/2020.06.30-Mond-Huawaii-P30-Pro-scaled.jpg?resize=1536%2C2048&amp;ssl=1 1536w, https:\/\/i0.wp.com\/www.astrofotografie-wiget.ch\/wp-content\/uploads\/2021\/11\/2020.06.30-Mond-Huawaii-P30-Pro-scaled.jpg?resize=1568%2C2091&amp;ssl=1 1568w\" width=\"153\" height=\"204\" loading=\"lazy\" data-original-width=\"153\" data-original-height=\"204\" itemprop=\"http:\/\/schema.org\/image\" title=\"2020.06.30 Mond Huawaii P30 Pro\" alt=\"30. Juni 2020: Celestron 11 EdgeHD und Huawai P30 Pro durch das Okular. Als ich an einem Abend nur visuell beobachtet hatte konnte ich es mir nicht verkneifen mit dem Handy ein Bild durch das Okular zu machen.\" style=\"width: 153px; height: 204px;\" \/> <div class=\"tiled-gallery-caption\" itemprop=\"caption description\"> 30. Juni 2020: Celestron 11 EdgeHD und Huawai P30 Pro durch das Okular. Als ich an einem Abend nur visuell beobachtet hatte konnte ich es mir nicht verkneifen mit dem Handy ein Bild durch das Okular zu machen. <\/div> <\/div> <\/div> <!-- close group --> <div class=\"gallery-group images-1\" style=\"width: 210px; height: 208px;\" data-original-width=\"210\" data-original-height=\"208\" > <div class=\"tiled-gallery-item tiled-gallery-item-small\" itemprop=\"associatedMedia\" itemscope itemtype=\"http:\/\/schema.org\/ImageObject\"> <meta itemprop=\"width\" content=\"206\"> <meta itemprop=\"height\" content=\"204\"> <img decoding=\"async\" class=\"\" data-attachment-id=\"286\" data-orig-file=\"https:\/\/www.astrofotografie-wiget.ch\/wp-content\/uploads\/2021\/11\/2019.03.22-Mond-EOS-550d.jpg\" data-orig-size=\"1935,1920\" data-comments-opened=\"1\" data-image-meta=\"{&quot;aperture&quot;:&quot;0&quot;,&quot;credit&quot;:&quot;&quot;,&quot;camera&quot;:&quot;&quot;,&quot;caption&quot;:&quot;&quot;,&quot;created_timestamp&quot;:&quot;0&quot;,&quot;copyright&quot;:&quot;&quot;,&quot;focal_length&quot;:&quot;0&quot;,&quot;iso&quot;:&quot;0&quot;,&quot;shutter_speed&quot;:&quot;0&quot;,&quot;title&quot;:&quot;&quot;,&quot;orientation&quot;:&quot;0&quot;}\" data-image-title=\"2019.03.22 Mond EOS 550d\" data-image-description=\"&lt;p&gt;Beschreibung 1&lt;\/p&gt; \" data-medium-file=\"https:\/\/i0.wp.com\/www.astrofotografie-wiget.ch\/wp-content\/uploads\/2021\/11\/2019.03.22-Mond-EOS-550d.jpg?fit=300%2C298&#038;ssl=1\" data-large-file=\"https:\/\/i0.wp.com\/www.astrofotografie-wiget.ch\/wp-content\/uploads\/2021\/11\/2019.03.22-Mond-EOS-550d.jpg?fit=750%2C744&#038;ssl=1\" src=\"https:\/\/i0.wp.com\/www.astrofotografie-wiget.ch\/wp-content\/uploads\/2021\/11\/2019.03.22-Mond-EOS-550d.jpg?w=206&#038;h=204&#038;ssl=1\" srcset=\"https:\/\/i0.wp.com\/www.astrofotografie-wiget.ch\/wp-content\/uploads\/2021\/11\/2019.03.22-Mond-EOS-550d.jpg?w=1935&amp;ssl=1 1935w, https:\/\/i0.wp.com\/www.astrofotografie-wiget.ch\/wp-content\/uploads\/2021\/11\/2019.03.22-Mond-EOS-550d.jpg?resize=300%2C298&amp;ssl=1 300w, https:\/\/i0.wp.com\/www.astrofotografie-wiget.ch\/wp-content\/uploads\/2021\/11\/2019.03.22-Mond-EOS-550d.jpg?resize=1024%2C1016&amp;ssl=1 1024w, https:\/\/i0.wp.com\/www.astrofotografie-wiget.ch\/wp-content\/uploads\/2021\/11\/2019.03.22-Mond-EOS-550d.jpg?resize=150%2C150&amp;ssl=1 150w, https:\/\/i0.wp.com\/www.astrofotografie-wiget.ch\/wp-content\/uploads\/2021\/11\/2019.03.22-Mond-EOS-550d.jpg?resize=768%2C762&amp;ssl=1 768w, https:\/\/i0.wp.com\/www.astrofotografie-wiget.ch\/wp-content\/uploads\/2021\/11\/2019.03.22-Mond-EOS-550d.jpg?resize=1536%2C1524&amp;ssl=1 1536w, https:\/\/i0.wp.com\/www.astrofotografie-wiget.ch\/wp-content\/uploads\/2021\/11\/2019.03.22-Mond-EOS-550d.jpg?resize=1568%2C1556&amp;ssl=1 1568w\" width=\"206\" height=\"204\" loading=\"lazy\" data-original-width=\"206\" data-original-height=\"204\" itemprop=\"http:\/\/schema.org\/image\" title=\"2019.03.22 Mond EOS 550d\" alt=\"22. M\u00e4rz 2019: dies ist mein Erstes Foto vom Mond mit dem neuen Teleskop. Ich habe es mit dem Celestron 9.25 AVX und der EOS 550d gemacht. Daf\u00fcr habe ich 39 Fotos mit ISO 200 und 1\/100s gestackt.\" style=\"width: 206px; height: 204px;\" \/> <div class=\"tiled-gallery-caption\" itemprop=\"caption description\"> 22. M\u00e4rz 2019: dies ist mein Erstes Foto vom Mond mit dem neuen Teleskop. Ich habe es mit dem Celestron 9.25 AVX und der EOS 550d gemacht. Daf\u00fcr habe ich 39 Fotos mit ISO 200 und 1\/100s gestackt. <\/div> <\/div> <\/div> <!-- close group --> <\/div> <!-- close row --> <\/div>\n<h1><\/h1>\n<p><a href=\"https:\/\/www.astrofotografie-wiget.ch\/\">Home<\/a>\u00a0 \u00a0<a href=\"https:\/\/www.astrofotografie-wiget.ch\/index.php\/fotogallerie\/\">Fotogallerie<\/a>\u00a0 \u00a0<a href=\"https:\/\/www.astrofotografie-wiget.ch\/index.php\/sonnensystem\/\">Sonnensystem<\/a><\/p>\n","protected":false},"excerpt":{"rendered":"<p>Es ist gar nicht so einfach ein gutes Foto vom Mond zu machen. Ein Reflektor liefert da oft nicht so scharfe Resultate wie ein Refraktor. Aber ich habe es nat\u00fcrlich trotzdem versucht. &nbsp; Home\u00a0 \u00a0Fotogallerie\u00a0 \u00a0Sonnensystem<\/p>\n","protected":false},"author":1,"featured_media":0,"parent":272,"menu_order":0,"comment_status":"closed","ping_status":"closed","template":"","meta":{"ngg_post_thumbnail":0,"footnotes":""},"class_list":["post-285","page","type-page","status-publish","hentry","entry"],"yoast_head":"<!-- This site is optimized with the Yoast SEO plugin v24.7 - https:\/\/yoast.com\/wordpress\/plugins\/seo\/ -->\r\n<title>Mond - Astronomie &amp; Astrofotografie<\/title>\r\n<meta name=\"robots\" content=\"index, follow, max-snippet:-1, max-image-preview:large, max-video-preview:-1\" \/>\r\n<link rel=\"canonical\" href=\"https:\/\/www.astrofotografie-wiget.ch\/index.php\/fotogallerie\/sonnensystem\/mond\/\" \/>\r\n<meta property=\"og:locale\" content=\"de_DE\" \/>\r\n<meta property=\"og:type\" content=\"article\" \/>\r\n<meta property=\"og:title\" content=\"Mond - Astronomie &amp; Astrofotografie\" \/>\r\n<meta property=\"og:description\" content=\"Es ist gar nicht so einfach ein gutes Foto vom Mond zu machen. Ein Reflektor liefert da oft nicht so scharfe Resultate wie ein Refraktor. Aber ich habe es nat\u00fcrlich trotzdem versucht. &nbsp; Home\u00a0 \u00a0Fotogallerie\u00a0 \u00a0Sonnensystem\" \/>\r\n<meta property=\"og:url\" content=\"https:\/\/www.astrofotografie-wiget.ch\/index.php\/fotogallerie\/sonnensystem\/mond\/\" \/>\r\n<meta property=\"og:site_name\" content=\"Astronomie &amp; Astrofotografie\" \/>\r\n<meta property=\"article:publisher\" content=\"https:\/\/www.facebook.com\/andrewiget\" \/>\r\n<meta property=\"article:modified_time\" content=\"2021-11-19T07:01:41+00:00\" \/>\r\n<meta property=\"og:image\" content=\"https:\/\/i0.wp.com\/www.astrofotografie-wiget.ch\/wp-content\/uploads\/2021\/11\/2021.02.28-Mond.jpg?resize=150%2C150&ssl=1\" \/>\r\n<meta name=\"twitter:card\" content=\"summary_large_image\" \/>\r\n<script type=\"application\/ld+json\" class=\"yoast-schema-graph\">{\"@context\":\"https:\/\/schema.org\",\"@graph\":[{\"@type\":\"WebPage\",\"@id\":\"https:\/\/www.astrofotografie-wiget.ch\/index.php\/fotogallerie\/sonnensystem\/mond\/\",\"url\":\"https:\/\/www.astrofotografie-wiget.ch\/index.php\/fotogallerie\/sonnensystem\/mond\/\",\"name\":\"Mond - Astronomie &amp; Astrofotografie\",\"isPartOf\":{\"@id\":\"\/#website\"},\"datePublished\":\"2021-11-17T14:23:05+00:00\",\"dateModified\":\"2021-11-19T07:01:41+00:00\",\"breadcrumb\":{\"@id\":\"https:\/\/www.astrofotografie-wiget.ch\/index.php\/fotogallerie\/sonnensystem\/mond\/#breadcrumb\"},\"inLanguage\":\"de\",\"potentialAction\":[{\"@type\":\"ReadAction\",\"target\":[\"https:\/\/www.astrofotografie-wiget.ch\/index.php\/fotogallerie\/sonnensystem\/mond\/\"]}]},{\"@type\":\"BreadcrumbList\",\"@id\":\"https:\/\/www.astrofotografie-wiget.ch\/index.php\/fotogallerie\/sonnensystem\/mond\/#breadcrumb\",\"itemListElement\":[{\"@type\":\"ListItem\",\"position\":1,\"name\":\"Fotogallerie\",\"item\":\"https:\/\/www.astrofotografie-wiget.ch\/index.php\/fotogallerie\/\"},{\"@type\":\"ListItem\",\"position\":2,\"name\":\"Sonnensystem\",\"item\":\"https:\/\/www.astrofotografie-wiget.ch\/index.php\/fotogallerie\/sonnensystem\/\"},{\"@type\":\"ListItem\",\"position\":3,\"name\":\"Mond\"}]},{\"@type\":\"WebSite\",\"@id\":\"\/#website\",\"url\":\"\/\",\"name\":\"Astronomie & Astrofotografie\",\"description\":\"Sonne, Mond, Planeten, Deep Sky\",\"publisher\":{\"@id\":\"\/#\/schema\/person\/6a8fe3f5ae57c6370d432efba693924f\"},\"potentialAction\":[{\"@type\":\"SearchAction\",\"target\":{\"@type\":\"EntryPoint\",\"urlTemplate\":\"\/?s={search_term_string}\"},\"query-input\":{\"@type\":\"PropertyValueSpecification\",\"valueRequired\":true,\"valueName\":\"search_term_string\"}}],\"inLanguage\":\"de\"},{\"@type\":[\"Person\",\"Organization\"],\"@id\":\"\/#\/schema\/person\/6a8fe3f5ae57c6370d432efba693924f\",\"name\":\"Andr\u00e9\",\"image\":{\"@type\":\"ImageObject\",\"inLanguage\":\"de\",\"@id\":\"\/#\/schema\/person\/image\/\",\"url\":\"https:\/\/www.astrofotografie-wiget.ch\/wp-content\/uploads\/2022\/01\/2022.01.14-NGC-2244-WBPP-32x300s-small-1024x905.png\",\"contentUrl\":\"https:\/\/www.astrofotografie-wiget.ch\/wp-content\/uploads\/2022\/01\/2022.01.14-NGC-2244-WBPP-32x300s-small-1024x905.png\",\"width\":1024,\"height\":905,\"caption\":\"Andr\u00e9\"},\"logo\":{\"@id\":\"\/#\/schema\/person\/image\/\"},\"sameAs\":[\"https:\/\/www.astrofotografie-wiget.ch\",\"https:\/\/www.facebook.com\/andrewiget\",\"https:\/\/www.instagram.com\/andrewiget\"]}]}<\/script>\r\n<!-- \/ Yoast SEO plugin. -->","yoast_head_json":{"title":"Mond - Astronomie &amp; Astrofotografie","robots":{"index":"index","follow":"follow","max-snippet":"max-snippet:-1","max-image-preview":"max-image-preview:large","max-video-preview":"max-video-preview:-1"},"canonical":"https:\/\/www.astrofotografie-wiget.ch\/index.php\/fotogallerie\/sonnensystem\/mond\/","og_locale":"de_DE","og_type":"article","og_title":"Mond - Astronomie &amp; Astrofotografie","og_description":"Es ist gar nicht so einfach ein gutes Foto vom Mond zu machen. Ein Reflektor liefert da oft nicht so scharfe Resultate wie ein Refraktor. Aber ich habe es nat\u00fcrlich trotzdem versucht. &nbsp; Home\u00a0 \u00a0Fotogallerie\u00a0 \u00a0Sonnensystem","og_url":"https:\/\/www.astrofotografie-wiget.ch\/index.php\/fotogallerie\/sonnensystem\/mond\/","og_site_name":"Astronomie &amp; Astrofotografie","article_publisher":"https:\/\/www.facebook.com\/andrewiget","article_modified_time":"2021-11-19T07:01:41+00:00","og_image":[{"url":"https:\/\/i0.wp.com\/www.astrofotografie-wiget.ch\/wp-content\/uploads\/2021\/11\/2021.02.28-Mond.jpg?resize=150%2C150&ssl=1","type":"","width":"","height":""}],"twitter_card":"summary_large_image","schema":{"@context":"https:\/\/schema.org","@graph":[{"@type":"WebPage","@id":"https:\/\/www.astrofotografie-wiget.ch\/index.php\/fotogallerie\/sonnensystem\/mond\/","url":"https:\/\/www.astrofotografie-wiget.ch\/index.php\/fotogallerie\/sonnensystem\/mond\/","name":"Mond - Astronomie &amp; Astrofotografie","isPartOf":{"@id":"\/#website"},"datePublished":"2021-11-17T14:23:05+00:00","dateModified":"2021-11-19T07:01:41+00:00","breadcrumb":{"@id":"https:\/\/www.astrofotografie-wiget.ch\/index.php\/fotogallerie\/sonnensystem\/mond\/#breadcrumb"},"inLanguage":"de","potentialAction":[{"@type":"ReadAction","target":["https:\/\/www.astrofotografie-wiget.ch\/index.php\/fotogallerie\/sonnensystem\/mond\/"]}]},{"@type":"BreadcrumbList","@id":"https:\/\/www.astrofotografie-wiget.ch\/index.php\/fotogallerie\/sonnensystem\/mond\/#breadcrumb","itemListElement":[{"@type":"ListItem","position":1,"name":"Fotogallerie","item":"https:\/\/www.astrofotografie-wiget.ch\/index.php\/fotogallerie\/"},{"@type":"ListItem","position":2,"name":"Sonnensystem","item":"https:\/\/www.astrofotografie-wiget.ch\/index.php\/fotogallerie\/sonnensystem\/"},{"@type":"ListItem","position":3,"name":"Mond"}]},{"@type":"WebSite","@id":"\/#website","url":"\/","name":"Astronomie & Astrofotografie","description":"Sonne, Mond, Planeten, Deep Sky","publisher":{"@id":"\/#\/schema\/person\/6a8fe3f5ae57c6370d432efba693924f"},"potentialAction":[{"@type":"SearchAction","target":{"@type":"EntryPoint","urlTemplate":"\/?s={search_term_string}"},"query-input":{"@type":"PropertyValueSpecification","valueRequired":true,"valueName":"search_term_string"}}],"inLanguage":"de"},{"@type":["Person","Organization"],"@id":"\/#\/schema\/person\/6a8fe3f5ae57c6370d432efba693924f","name":"Andr\u00e9","image":{"@type":"ImageObject","inLanguage":"de","@id":"\/#\/schema\/person\/image\/","url":"https:\/\/www.astrofotografie-wiget.ch\/wp-content\/uploads\/2022\/01\/2022.01.14-NGC-2244-WBPP-32x300s-small-1024x905.png","contentUrl":"https:\/\/www.astrofotografie-wiget.ch\/wp-content\/uploads\/2022\/01\/2022.01.14-NGC-2244-WBPP-32x300s-small-1024x905.png","width":1024,"height":905,"caption":"Andr\u00e9"},"logo":{"@id":"\/#\/schema\/person\/image\/"},"sameAs":["https:\/\/www.astrofotografie-wiget.ch","https:\/\/www.facebook.com\/andrewiget","https:\/\/www.instagram.com\/andrewiget"]}]}},"jetpack-related-posts":[],"jetpack_sharing_enabled":true,"_links":{"self":[{"href":"https:\/\/www.astrofotografie-wiget.ch\/index.php\/wp-json\/wp\/v2\/pages\/285","targetHints":{"allow":["GET"]}}],"collection":[{"href":"https:\/\/www.astrofotografie-wiget.ch\/index.php\/wp-json\/wp\/v2\/pages"}],"about":[{"href":"https:\/\/www.astrofotografie-wiget.ch\/index.php\/wp-json\/wp\/v2\/types\/page"}],"author":[{"embeddable":true,"href":"https:\/\/www.astrofotografie-wiget.ch\/index.php\/wp-json\/wp\/v2\/users\/1"}],"replies":[{"embeddable":true,"href":"https:\/\/www.astrofotografie-wiget.ch\/index.php\/wp-json\/wp\/v2\/comments?post=285"}],"version-history":[{"count":13,"href":"https:\/\/www.astrofotografie-wiget.ch\/index.php\/wp-json\/wp\/v2\/pages\/285\/revisions"}],"predecessor-version":[{"id":374,"href":"https:\/\/www.astrofotografie-wiget.ch\/index.php\/wp-json\/wp\/v2\/pages\/285\/revisions\/374"}],"up":[{"embeddable":true,"href":"https:\/\/www.astrofotografie-wiget.ch\/index.php\/wp-json\/wp\/v2\/pages\/272"}],"wp:attachment":[{"href":"https:\/\/www.astrofotografie-wiget.ch\/index.php\/wp-json\/wp\/v2\/media?parent=285"}],"curies":[{"name":"wp","href":"https:\/\/api.w.org\/{rel}","templated":true}]}}