{"id":277,"date":"2021-11-16T19:12:44","date_gmt":"2021-11-16T18:12:44","guid":{"rendered":"https:\/\/www.astrofotografie-wiget.ch\/?page_id=277"},"modified":"2021-11-24T10:54:05","modified_gmt":"2021-11-24T09:54:05","slug":"jupiter","status":"publish","type":"page","link":"https:\/\/www.astrofotografie-wiget.ch\/index.php\/fotogallerie\/sonnensystem\/jupiter\/","title":{"rendered":"Jupiter"},"content":{"rendered":"<p>Jupiter ist der gr\u00f6sste Planet in unserem Sonnensystem, er hat einen \u00c4quatordurchmesser von 143&#8217;000 km und ist durchschnittlich 778 Millionen km von der Sonne entfernt. Er ben\u00f6tigt 12 Jahre f\u00fcr einen Umlauf um die Sonne.<\/p>\n<p>&nbsp;<\/p>\n<div class=\"tiled-gallery type-rectangular tiled-gallery-unresized\" data-original-width=\"750\" data-carousel-extra='null' itemscope itemtype=\"http:\/\/schema.org\/ImageGallery\" > <div class=\"gallery-row\" style=\"width: 750px; height: 442px;\" data-original-width=\"750\" data-original-height=\"442\" > <div class=\"gallery-group images-1\" style=\"width: 442px; height: 442px;\" data-original-width=\"442\" data-original-height=\"442\" > <div class=\"tiled-gallery-item tiled-gallery-item-large\" itemprop=\"associatedMedia\" itemscope itemtype=\"http:\/\/schema.org\/ImageObject\"> <a href=\"https:\/\/www.astrofotografie-wiget.ch\/index.php\/fotogallerie\/sonnensystem\/jupiter\/2020-07-29-jupiter\/\" border=\"0\" itemprop=\"url\"> <meta itemprop=\"width\" content=\"438\"> <meta itemprop=\"height\" content=\"438\"> <img decoding=\"async\" class=\"\" data-attachment-id=\"508\" data-orig-file=\"https:\/\/www.astrofotografie-wiget.ch\/wp-content\/uploads\/2021\/11\/2020.07.29-Jupiter.png\" data-orig-size=\"672,672\" data-comments-opened=\"1\" data-image-meta=\"{&quot;aperture&quot;:&quot;0&quot;,&quot;credit&quot;:&quot;&quot;,&quot;camera&quot;:&quot;&quot;,&quot;caption&quot;:&quot;&quot;,&quot;created_timestamp&quot;:&quot;0&quot;,&quot;copyright&quot;:&quot;&quot;,&quot;focal_length&quot;:&quot;0&quot;,&quot;iso&quot;:&quot;0&quot;,&quot;shutter_speed&quot;:&quot;0&quot;,&quot;title&quot;:&quot;&quot;,&quot;orientation&quot;:&quot;0&quot;}\" data-image-title=\"2020.07.29 Jupiter\" data-image-description=\"\" data-medium-file=\"https:\/\/i0.wp.com\/www.astrofotografie-wiget.ch\/wp-content\/uploads\/2021\/11\/2020.07.29-Jupiter.png?fit=300%2C300&#038;ssl=1\" data-large-file=\"https:\/\/i0.wp.com\/www.astrofotografie-wiget.ch\/wp-content\/uploads\/2021\/11\/2020.07.29-Jupiter.png?fit=672%2C672&#038;ssl=1\" src=\"https:\/\/i0.wp.com\/www.astrofotografie-wiget.ch\/wp-content\/uploads\/2021\/11\/2020.07.29-Jupiter.png?w=438&#038;h=438&#038;crop=1&#038;ssl=1\" srcset=\"https:\/\/i0.wp.com\/www.astrofotografie-wiget.ch\/wp-content\/uploads\/2021\/11\/2020.07.29-Jupiter.png?w=672&amp;ssl=1 672w, https:\/\/i0.wp.com\/www.astrofotografie-wiget.ch\/wp-content\/uploads\/2021\/11\/2020.07.29-Jupiter.png?resize=300%2C300&amp;ssl=1 300w, https:\/\/i0.wp.com\/www.astrofotografie-wiget.ch\/wp-content\/uploads\/2021\/11\/2020.07.29-Jupiter.png?resize=150%2C150&amp;ssl=1 150w\" width=\"438\" height=\"438\" loading=\"lazy\" data-original-width=\"438\" data-original-height=\"438\" itemprop=\"http:\/\/schema.org\/image\" title=\"2020.07.29 Jupiter\" alt=\"29. Juli 2020: Jupiter mit dem Celestron 1100 EdgeHD \/ Celestron NexImage 10.\" style=\"width: 438px; height: 438px;\" \/> <\/a> <div class=\"tiled-gallery-caption\" itemprop=\"caption description\"> 29. Juli 2020: Jupiter mit dem Celestron 1100 EdgeHD \/ Celestron NexImage 10. <\/div> <\/div> <\/div> <!-- close group --> <div class=\"gallery-group images-2\" style=\"width: 308px; height: 442px;\" data-original-width=\"308\" data-original-height=\"442\" > <div class=\"tiled-gallery-item tiled-gallery-item-large\" itemprop=\"associatedMedia\" itemscope itemtype=\"http:\/\/schema.org\/ImageObject\"> <a href=\"https:\/\/www.astrofotografie-wiget.ch\/index.php\/fotogallerie\/sonnensystem\/jupiter\/2019-07-05-jupiter-2\/\" border=\"0\" itemprop=\"url\"> <meta itemprop=\"width\" content=\"304\"> <meta itemprop=\"height\" content=\"203\"> <img decoding=\"async\" class=\"\" data-attachment-id=\"311\" data-orig-file=\"https:\/\/www.astrofotografie-wiget.ch\/wp-content\/uploads\/2021\/11\/2019.07.05-Jupiter-2.jpg\" data-orig-size=\"720,480\" data-comments-opened=\"1\" data-image-meta=\"{&quot;aperture&quot;:&quot;0&quot;,&quot;credit&quot;:&quot;&quot;,&quot;camera&quot;:&quot;&quot;,&quot;caption&quot;:&quot;&quot;,&quot;created_timestamp&quot;:&quot;0&quot;,&quot;copyright&quot;:&quot;&quot;,&quot;focal_length&quot;:&quot;0&quot;,&quot;iso&quot;:&quot;0&quot;,&quot;shutter_speed&quot;:&quot;0&quot;,&quot;title&quot;:&quot;&quot;,&quot;orientation&quot;:&quot;0&quot;}\" data-image-title=\"2019.07.05 Jupiter-2\" data-image-description=\"\" data-medium-file=\"https:\/\/i0.wp.com\/www.astrofotografie-wiget.ch\/wp-content\/uploads\/2021\/11\/2019.07.05-Jupiter-2.jpg?fit=300%2C200&#038;ssl=1\" data-large-file=\"https:\/\/i0.wp.com\/www.astrofotografie-wiget.ch\/wp-content\/uploads\/2021\/11\/2019.07.05-Jupiter-2.jpg?fit=720%2C480&#038;ssl=1\" src=\"https:\/\/i0.wp.com\/www.astrofotografie-wiget.ch\/wp-content\/uploads\/2021\/11\/2019.07.05-Jupiter-2.jpg?w=304&#038;h=203&#038;ssl=1\" srcset=\"https:\/\/i0.wp.com\/www.astrofotografie-wiget.ch\/wp-content\/uploads\/2021\/11\/2019.07.05-Jupiter-2.jpg?w=720&amp;ssl=1 720w, https:\/\/i0.wp.com\/www.astrofotografie-wiget.ch\/wp-content\/uploads\/2021\/11\/2019.07.05-Jupiter-2.jpg?resize=300%2C200&amp;ssl=1 300w\" width=\"304\" height=\"203\" loading=\"lazy\" data-original-width=\"304\" data-original-height=\"203\" itemprop=\"http:\/\/schema.org\/image\" title=\"2019.07.05 Jupiter-2\" alt=\"5. Juli 2019: C 9.25 AVX \/ Atik Horizon, gestacktes Bild\" style=\"width: 304px; height: 203px;\" \/> <\/a> <div class=\"tiled-gallery-caption\" itemprop=\"caption description\"> 5. Juli 2019: C 9.25 AVX \/ Atik Horizon, gestacktes Bild <\/div> <\/div> <div class=\"tiled-gallery-item tiled-gallery-item-large\" itemprop=\"associatedMedia\" itemscope itemtype=\"http:\/\/schema.org\/ImageObject\"> <a href=\"https:\/\/www.astrofotografie-wiget.ch\/index.php\/fotogallerie\/sonnensystem\/jupiter\/2019-07-05-jupiter\/\" border=\"0\" itemprop=\"url\"> <meta itemprop=\"width\" content=\"304\"> <meta itemprop=\"height\" content=\"231\"> <img decoding=\"async\" class=\"\" data-attachment-id=\"310\" data-orig-file=\"https:\/\/www.astrofotografie-wiget.ch\/wp-content\/uploads\/2021\/11\/2019.07.05-Jupiter.jpg\" data-orig-size=\"1024,778\" data-comments-opened=\"1\" data-image-meta=\"{&quot;aperture&quot;:&quot;0&quot;,&quot;credit&quot;:&quot;&quot;,&quot;camera&quot;:&quot;&quot;,&quot;caption&quot;:&quot;&quot;,&quot;created_timestamp&quot;:&quot;0&quot;,&quot;copyright&quot;:&quot;&quot;,&quot;focal_length&quot;:&quot;0&quot;,&quot;iso&quot;:&quot;0&quot;,&quot;shutter_speed&quot;:&quot;0&quot;,&quot;title&quot;:&quot;&quot;,&quot;orientation&quot;:&quot;0&quot;}\" data-image-title=\"2019.07.05 Jupiter\" data-image-description=\"\" data-medium-file=\"https:\/\/i0.wp.com\/www.astrofotografie-wiget.ch\/wp-content\/uploads\/2021\/11\/2019.07.05-Jupiter.jpg?fit=300%2C228&#038;ssl=1\" data-large-file=\"https:\/\/i0.wp.com\/www.astrofotografie-wiget.ch\/wp-content\/uploads\/2021\/11\/2019.07.05-Jupiter.jpg?fit=750%2C570&#038;ssl=1\" src=\"https:\/\/i0.wp.com\/www.astrofotografie-wiget.ch\/wp-content\/uploads\/2021\/11\/2019.07.05-Jupiter.jpg?w=304&#038;h=231&#038;ssl=1\" srcset=\"https:\/\/i0.wp.com\/www.astrofotografie-wiget.ch\/wp-content\/uploads\/2021\/11\/2019.07.05-Jupiter.jpg?w=1024&amp;ssl=1 1024w, https:\/\/i0.wp.com\/www.astrofotografie-wiget.ch\/wp-content\/uploads\/2021\/11\/2019.07.05-Jupiter.jpg?resize=300%2C228&amp;ssl=1 300w, https:\/\/i0.wp.com\/www.astrofotografie-wiget.ch\/wp-content\/uploads\/2021\/11\/2019.07.05-Jupiter.jpg?resize=768%2C584&amp;ssl=1 768w\" width=\"304\" height=\"231\" loading=\"lazy\" data-original-width=\"304\" data-original-height=\"231\" itemprop=\"http:\/\/schema.org\/image\" title=\"2019.07.05 Jupiter\" alt=\"5. Juli 2019: C 9.25 AVX \/ Atik Horizon. Gestacktes Bild.\" style=\"width: 304px; height: 231px;\" \/> <\/a> <div class=\"tiled-gallery-caption\" itemprop=\"caption description\"> 5. Juli 2019: C 9.25 AVX \/ Atik Horizon. Gestacktes Bild. <\/div> <\/div> <\/div> <!-- close group --> <\/div> <!-- close row --> <div class=\"gallery-row\" style=\"width: 750px; height: 568px;\" data-original-width=\"750\" data-original-height=\"568\" > <div class=\"gallery-group images-1\" style=\"width: 750px; height: 568px;\" data-original-width=\"750\" data-original-height=\"568\" > <div class=\"tiled-gallery-item tiled-gallery-item-large\" itemprop=\"associatedMedia\" itemscope itemtype=\"http:\/\/schema.org\/ImageObject\"> <a href=\"https:\/\/www.astrofotografie-wiget.ch\/index.php\/2019\/07\/05\/baader-steeltrack-steeldrive-jupiter\/jupiter_0036\/\" border=\"0\" itemprop=\"url\"> <meta itemprop=\"width\" content=\"746\"> <meta itemprop=\"height\" content=\"564\"> <img decoding=\"async\" class=\"\" data-attachment-id=\"185\" data-orig-file=\"https:\/\/www.astrofotografie-wiget.ch\/wp-content\/uploads\/2021\/08\/Jupiter_0036.jpg\" data-orig-size=\"320,242\" data-comments-opened=\"1\" data-image-meta=\"{&quot;aperture&quot;:&quot;0&quot;,&quot;credit&quot;:&quot;&quot;,&quot;camera&quot;:&quot;&quot;,&quot;caption&quot;:&quot;&quot;,&quot;created_timestamp&quot;:&quot;0&quot;,&quot;copyright&quot;:&quot;&quot;,&quot;focal_length&quot;:&quot;0&quot;,&quot;iso&quot;:&quot;0&quot;,&quot;shutter_speed&quot;:&quot;0&quot;,&quot;title&quot;:&quot;&quot;,&quot;orientation&quot;:&quot;0&quot;}\" data-image-title=\"Jupiter_0036\" data-image-description=\"\" data-medium-file=\"https:\/\/i0.wp.com\/www.astrofotografie-wiget.ch\/wp-content\/uploads\/2021\/08\/Jupiter_0036.jpg?fit=300%2C227&#038;ssl=1\" data-large-file=\"https:\/\/i0.wp.com\/www.astrofotografie-wiget.ch\/wp-content\/uploads\/2021\/08\/Jupiter_0036.jpg?fit=320%2C242&#038;ssl=1\" src=\"https:\/\/i0.wp.com\/www.astrofotografie-wiget.ch\/wp-content\/uploads\/2021\/08\/Jupiter_0036.jpg?w=746&#038;h=564&#038;ssl=1\" srcset=\"https:\/\/i0.wp.com\/www.astrofotografie-wiget.ch\/wp-content\/uploads\/2021\/08\/Jupiter_0036.jpg?w=320&amp;ssl=1 320w, https:\/\/i0.wp.com\/www.astrofotografie-wiget.ch\/wp-content\/uploads\/2021\/08\/Jupiter_0036.jpg?resize=300%2C227&amp;ssl=1 300w\" width=\"746\" height=\"564\" loading=\"lazy\" data-original-width=\"746\" data-original-height=\"564\" itemprop=\"http:\/\/schema.org\/image\" title=\"Jupiter_0036\" alt=\"5. Juli 2019: C 9.25 AVX \/ Atik Horizon. Einzelbild\" style=\"width: 746px; height: 564px;\" \/> <\/a> <div class=\"tiled-gallery-caption\" itemprop=\"caption description\"> 5. Juli 2019: C 9.25 AVX \/ Atik Horizon. Einzelbild <\/div> <\/div> <\/div> <!-- close group --> <\/div> <!-- close row --> <\/div>\n<h1><\/h1>\n<p>&nbsp;<\/p>\n<p><a href=\"https:\/\/www.astrofotografie-wiget.ch\/\">Home<\/a>\u00a0 <a href=\"https:\/\/www.astrofotografie-wiget.ch\/index.php\/fotogallerie\/\">Fotogallerie<\/a> \u00a0 <a href=\"https:\/\/www.astrofotografie-wiget.ch\/index.php\/sonnensystem\/\">Sonnensystem<\/a><\/p>\n","protected":false},"excerpt":{"rendered":"<p>Jupiter ist der gr\u00f6sste Planet in unserem Sonnensystem, er hat einen \u00c4quatordurchmesser von 143&#8217;000 km und ist durchschnittlich 778 Millionen km von der Sonne entfernt. Er ben\u00f6tigt 12 Jahre f\u00fcr einen Umlauf um die Sonne. &nbsp; &nbsp; Home\u00a0 Fotogallerie \u00a0 Sonnensystem<\/p>\n","protected":false},"author":1,"featured_media":0,"parent":272,"menu_order":0,"comment_status":"closed","ping_status":"closed","template":"","meta":{"ngg_post_thumbnail":0,"footnotes":""},"class_list":["post-277","page","type-page","status-publish","hentry","entry"],"yoast_head":"<!-- This site is optimized with the Yoast SEO plugin v24.7 - https:\/\/yoast.com\/wordpress\/plugins\/seo\/ -->\r\n<title>Jupiter - Astronomie &amp; Astrofotografie<\/title>\r\n<meta name=\"robots\" content=\"index, follow, max-snippet:-1, max-image-preview:large, max-video-preview:-1\" \/>\r\n<link rel=\"canonical\" href=\"https:\/\/www.astrofotografie-wiget.ch\/index.php\/fotogallerie\/sonnensystem\/jupiter\/\" \/>\r\n<meta property=\"og:locale\" content=\"de_DE\" \/>\r\n<meta property=\"og:type\" content=\"article\" \/>\r\n<meta property=\"og:title\" content=\"Jupiter - Astronomie &amp; Astrofotografie\" \/>\r\n<meta property=\"og:description\" content=\"Jupiter ist der gr\u00f6sste Planet in unserem Sonnensystem, er hat einen \u00c4quatordurchmesser von 143&#8217;000 km und ist durchschnittlich 778 Millionen km von der Sonne entfernt. Er ben\u00f6tigt 12 Jahre f\u00fcr einen Umlauf um die Sonne. &nbsp; &nbsp; Home\u00a0 Fotogallerie \u00a0 Sonnensystem\" \/>\r\n<meta property=\"og:url\" content=\"https:\/\/www.astrofotografie-wiget.ch\/index.php\/fotogallerie\/sonnensystem\/jupiter\/\" \/>\r\n<meta property=\"og:site_name\" content=\"Astronomie &amp; Astrofotografie\" \/>\r\n<meta property=\"article:publisher\" content=\"https:\/\/www.facebook.com\/andrewiget\" \/>\r\n<meta property=\"article:modified_time\" content=\"2021-11-24T09:54:05+00:00\" \/>\r\n<meta property=\"og:image\" content=\"https:\/\/www.astrofotografie-wiget.ch\/wp-content\/uploads\/2021\/11\/2020.07.29-Jupiter-150x150.png\" \/>\r\n<meta name=\"twitter:card\" content=\"summary_large_image\" \/>\r\n<script type=\"application\/ld+json\" class=\"yoast-schema-graph\">{\"@context\":\"https:\/\/schema.org\",\"@graph\":[{\"@type\":\"WebPage\",\"@id\":\"https:\/\/www.astrofotografie-wiget.ch\/index.php\/fotogallerie\/sonnensystem\/jupiter\/\",\"url\":\"https:\/\/www.astrofotografie-wiget.ch\/index.php\/fotogallerie\/sonnensystem\/jupiter\/\",\"name\":\"Jupiter - Astronomie &amp; Astrofotografie\",\"isPartOf\":{\"@id\":\"\/#website\"},\"datePublished\":\"2021-11-16T18:12:44+00:00\",\"dateModified\":\"2021-11-24T09:54:05+00:00\",\"breadcrumb\":{\"@id\":\"https:\/\/www.astrofotografie-wiget.ch\/index.php\/fotogallerie\/sonnensystem\/jupiter\/#breadcrumb\"},\"inLanguage\":\"de\",\"potentialAction\":[{\"@type\":\"ReadAction\",\"target\":[\"https:\/\/www.astrofotografie-wiget.ch\/index.php\/fotogallerie\/sonnensystem\/jupiter\/\"]}]},{\"@type\":\"BreadcrumbList\",\"@id\":\"https:\/\/www.astrofotografie-wiget.ch\/index.php\/fotogallerie\/sonnensystem\/jupiter\/#breadcrumb\",\"itemListElement\":[{\"@type\":\"ListItem\",\"position\":1,\"name\":\"Fotogallerie\",\"item\":\"https:\/\/www.astrofotografie-wiget.ch\/index.php\/fotogallerie\/\"},{\"@type\":\"ListItem\",\"position\":2,\"name\":\"Sonnensystem\",\"item\":\"https:\/\/www.astrofotografie-wiget.ch\/index.php\/fotogallerie\/sonnensystem\/\"},{\"@type\":\"ListItem\",\"position\":3,\"name\":\"Jupiter\"}]},{\"@type\":\"WebSite\",\"@id\":\"\/#website\",\"url\":\"\/\",\"name\":\"Astronomie & Astrofotografie\",\"description\":\"Sonne, Mond, Planeten, Deep Sky\",\"publisher\":{\"@id\":\"\/#\/schema\/person\/6a8fe3f5ae57c6370d432efba693924f\"},\"potentialAction\":[{\"@type\":\"SearchAction\",\"target\":{\"@type\":\"EntryPoint\",\"urlTemplate\":\"\/?s={search_term_string}\"},\"query-input\":{\"@type\":\"PropertyValueSpecification\",\"valueRequired\":true,\"valueName\":\"search_term_string\"}}],\"inLanguage\":\"de\"},{\"@type\":[\"Person\",\"Organization\"],\"@id\":\"\/#\/schema\/person\/6a8fe3f5ae57c6370d432efba693924f\",\"name\":\"Andr\u00e9\",\"image\":{\"@type\":\"ImageObject\",\"inLanguage\":\"de\",\"@id\":\"\/#\/schema\/person\/image\/\",\"url\":\"https:\/\/www.astrofotografie-wiget.ch\/wp-content\/uploads\/2022\/01\/2022.01.14-NGC-2244-WBPP-32x300s-small-1024x905.png\",\"contentUrl\":\"https:\/\/www.astrofotografie-wiget.ch\/wp-content\/uploads\/2022\/01\/2022.01.14-NGC-2244-WBPP-32x300s-small-1024x905.png\",\"width\":1024,\"height\":905,\"caption\":\"Andr\u00e9\"},\"logo\":{\"@id\":\"\/#\/schema\/person\/image\/\"},\"sameAs\":[\"https:\/\/www.astrofotografie-wiget.ch\",\"https:\/\/www.facebook.com\/andrewiget\",\"https:\/\/www.instagram.com\/andrewiget\"]}]}<\/script>\r\n<!-- \/ Yoast SEO plugin. -->","yoast_head_json":{"title":"Jupiter - Astronomie &amp; Astrofotografie","robots":{"index":"index","follow":"follow","max-snippet":"max-snippet:-1","max-image-preview":"max-image-preview:large","max-video-preview":"max-video-preview:-1"},"canonical":"https:\/\/www.astrofotografie-wiget.ch\/index.php\/fotogallerie\/sonnensystem\/jupiter\/","og_locale":"de_DE","og_type":"article","og_title":"Jupiter - Astronomie &amp; Astrofotografie","og_description":"Jupiter ist der gr\u00f6sste Planet in unserem Sonnensystem, er hat einen \u00c4quatordurchmesser von 143&#8217;000 km und ist durchschnittlich 778 Millionen km von der Sonne entfernt. Er ben\u00f6tigt 12 Jahre f\u00fcr einen Umlauf um die Sonne. &nbsp; &nbsp; Home\u00a0 Fotogallerie \u00a0 Sonnensystem","og_url":"https:\/\/www.astrofotografie-wiget.ch\/index.php\/fotogallerie\/sonnensystem\/jupiter\/","og_site_name":"Astronomie &amp; Astrofotografie","article_publisher":"https:\/\/www.facebook.com\/andrewiget","article_modified_time":"2021-11-24T09:54:05+00:00","og_image":[{"url":"https:\/\/www.astrofotografie-wiget.ch\/wp-content\/uploads\/2021\/11\/2020.07.29-Jupiter-150x150.png","type":"","width":"","height":""}],"twitter_card":"summary_large_image","schema":{"@context":"https:\/\/schema.org","@graph":[{"@type":"WebPage","@id":"https:\/\/www.astrofotografie-wiget.ch\/index.php\/fotogallerie\/sonnensystem\/jupiter\/","url":"https:\/\/www.astrofotografie-wiget.ch\/index.php\/fotogallerie\/sonnensystem\/jupiter\/","name":"Jupiter - Astronomie &amp; Astrofotografie","isPartOf":{"@id":"\/#website"},"datePublished":"2021-11-16T18:12:44+00:00","dateModified":"2021-11-24T09:54:05+00:00","breadcrumb":{"@id":"https:\/\/www.astrofotografie-wiget.ch\/index.php\/fotogallerie\/sonnensystem\/jupiter\/#breadcrumb"},"inLanguage":"de","potentialAction":[{"@type":"ReadAction","target":["https:\/\/www.astrofotografie-wiget.ch\/index.php\/fotogallerie\/sonnensystem\/jupiter\/"]}]},{"@type":"BreadcrumbList","@id":"https:\/\/www.astrofotografie-wiget.ch\/index.php\/fotogallerie\/sonnensystem\/jupiter\/#breadcrumb","itemListElement":[{"@type":"ListItem","position":1,"name":"Fotogallerie","item":"https:\/\/www.astrofotografie-wiget.ch\/index.php\/fotogallerie\/"},{"@type":"ListItem","position":2,"name":"Sonnensystem","item":"https:\/\/www.astrofotografie-wiget.ch\/index.php\/fotogallerie\/sonnensystem\/"},{"@type":"ListItem","position":3,"name":"Jupiter"}]},{"@type":"WebSite","@id":"\/#website","url":"\/","name":"Astronomie & Astrofotografie","description":"Sonne, Mond, Planeten, Deep Sky","publisher":{"@id":"\/#\/schema\/person\/6a8fe3f5ae57c6370d432efba693924f"},"potentialAction":[{"@type":"SearchAction","target":{"@type":"EntryPoint","urlTemplate":"\/?s={search_term_string}"},"query-input":{"@type":"PropertyValueSpecification","valueRequired":true,"valueName":"search_term_string"}}],"inLanguage":"de"},{"@type":["Person","Organization"],"@id":"\/#\/schema\/person\/6a8fe3f5ae57c6370d432efba693924f","name":"Andr\u00e9","image":{"@type":"ImageObject","inLanguage":"de","@id":"\/#\/schema\/person\/image\/","url":"https:\/\/www.astrofotografie-wiget.ch\/wp-content\/uploads\/2022\/01\/2022.01.14-NGC-2244-WBPP-32x300s-small-1024x905.png","contentUrl":"https:\/\/www.astrofotografie-wiget.ch\/wp-content\/uploads\/2022\/01\/2022.01.14-NGC-2244-WBPP-32x300s-small-1024x905.png","width":1024,"height":905,"caption":"Andr\u00e9"},"logo":{"@id":"\/#\/schema\/person\/image\/"},"sameAs":["https:\/\/www.astrofotografie-wiget.ch","https:\/\/www.facebook.com\/andrewiget","https:\/\/www.instagram.com\/andrewiget"]}]}},"jetpack-related-posts":[],"jetpack_sharing_enabled":true,"_links":{"self":[{"href":"https:\/\/www.astrofotografie-wiget.ch\/index.php\/wp-json\/wp\/v2\/pages\/277","targetHints":{"allow":["GET"]}}],"collection":[{"href":"https:\/\/www.astrofotografie-wiget.ch\/index.php\/wp-json\/wp\/v2\/pages"}],"about":[{"href":"https:\/\/www.astrofotografie-wiget.ch\/index.php\/wp-json\/wp\/v2\/types\/page"}],"author":[{"embeddable":true,"href":"https:\/\/www.astrofotografie-wiget.ch\/index.php\/wp-json\/wp\/v2\/users\/1"}],"replies":[{"embeddable":true,"href":"https:\/\/www.astrofotografie-wiget.ch\/index.php\/wp-json\/wp\/v2\/comments?post=277"}],"version-history":[{"count":10,"href":"https:\/\/www.astrofotografie-wiget.ch\/index.php\/wp-json\/wp\/v2\/pages\/277\/revisions"}],"predecessor-version":[{"id":509,"href":"https:\/\/www.astrofotografie-wiget.ch\/index.php\/wp-json\/wp\/v2\/pages\/277\/revisions\/509"}],"up":[{"embeddable":true,"href":"https:\/\/www.astrofotografie-wiget.ch\/index.php\/wp-json\/wp\/v2\/pages\/272"}],"wp:attachment":[{"href":"https:\/\/www.astrofotografie-wiget.ch\/index.php\/wp-json\/wp\/v2\/media?parent=277"}],"curies":[{"name":"wp","href":"https:\/\/api.w.org\/{rel}","templated":true}]}}